{"id":74,"date":"2024-04-25T20:45:36","date_gmt":"2024-04-25T20:45:36","guid":{"rendered":"https:\/\/radiosensacion.org\/radio\/?page_id=74"},"modified":"2024-04-26T19:00:20","modified_gmt":"2024-04-26T19:00:20","slug":"quienes-somos","status":"publish","type":"page","link":"https:\/\/radiosensacion.org\/radio\/quienes-somos\/","title":{"rendered":"Quienes Somos"},"content":{"rendered":"\t\t<div data-elementor-type=\"wp-page\" data-elementor-id=\"74\" class=\"elementor elementor-74\" data-elementor-settings=\"{&quot;ha_cmc_init_switcher&quot;:&quot;no&quot;}\" data-elementor-post-type=\"page\">\n\t\t\t\t\t\t<section class=\"elementor-section elementor-top-section elementor-element elementor-element-3ce6923 elementor-section-boxed elementor-section-height-default elementor-section-height-default\" data-id=\"3ce6923\" data-element_type=\"section\" data-e-type=\"section\" data-settings=\"{&quot;_ha_eqh_enable&quot;:false}\">\n\t\t\t\t\t\t<div class=\"elementor-container elementor-column-gap-default\">\n\t\t\t\t\t<div class=\"elementor-column elementor-col-100 elementor-top-column elementor-element elementor-element-108bd07\" data-id=\"108bd07\" data-element_type=\"column\" data-e-type=\"column\">\n\t\t\t<div class=\"elementor-widget-wrap elementor-element-populated\">\n\t\t\t\t\t\t<div class=\"elementor-element elementor-element-c83fe51 elementor-widget elementor-widget-text-editor\" data-id=\"c83fe51\" data-element_type=\"widget\" data-e-type=\"widget\" data-widget_type=\"text-editor.default\">\n\t\t\t\t<div class=\"elementor-widget-container\">\n\t\t\t\t\t\t\t\t\t<p><strong>Radio Sensaci\u00f3n<\/strong>\u00a0surgi\u00f3 el 12 de abril de 1952 como Radio Miranda, con sede en Los Teques. Creada por los hermanos Arreaza Almenar, esta emisora se ha destacado por sus programas h\u00edpicos, siendo recordado\u00a0<strong>\u201cLos Grandes del Pron\u00f3stico\u201d<\/strong>\u00a0a cargo de Jos\u00e9 Gregorio Guillot, con m\u00e1s de quince a\u00f1os en el aire.\u00a0<strong>\u201cBaladas y Exitos de Siempre\u201d\u00a0<\/strong>ha cautivado a la audiencia por m\u00e1s de diez a\u00f1os, siendo moderado por Miguel Angel Fuentes y en el g\u00e9nero informativo destaca\u00a0<strong>\u201cNoticias 830\u201d<\/strong>\u00a0con Pascual Monasterios y C\u00e9sar D\u00edaz.<\/p><p>\u00a0<\/p><p style=\"text-align: center;\"><strong>PR\u00d3XIMAMENTE ESTAREMOS ACTUALIZANDO ESTA SECCI\u00d3N.<\/strong><\/p>\t\t\t\t\t\t\t\t<\/div>\n\t\t\t\t<\/div>\n\t\t\t\t\t<\/div>\n\t\t<\/div>\n\t\t\t\t\t<\/div>\n\t\t<\/section>\n\t\t\t\t<\/div>\n\t\t","protected":false},"excerpt":{"rendered":"<p>Radio Sensaci\u00f3n\u00a0surgi\u00f3 el 12 de abril de 1952 como Radio Miranda, con sede en Los Teques. Creada por los hermanos Arreaza Almenar, esta emisora se ha destacado por sus programas h\u00edpicos, siendo recordado\u00a0\u201cLos Grandes del Pron\u00f3stico\u201d\u00a0a cargo de Jos\u00e9 Gregorio Guillot, con m\u00e1s de quince a\u00f1os en el aire.\u00a0\u201cBaladas y Exitos de Siempre\u201d\u00a0ha cautivado a [&hellip;]<\/p>\n","protected":false},"author":1,"featured_media":15,"parent":0,"menu_order":0,"comment_status":"closed","ping_status":"closed","template":"","meta":{"footnotes":""},"class_list":["post-74","page","type-page","status-publish","has-post-thumbnail","hentry"],"jetpack_sharing_enabled":true,"rttpg_featured_image_url":{"full":["https:\/\/i0.wp.com\/radiosensacion.org\/radio\/wp-content\/uploads\/2024\/04\/logo_radio001.png?fit=800%2C400&ssl=1",800,400,false],"landscape":["https:\/\/radiosensacion.org\/radio\/wp-content\/uploads\/2024\/04\/logo_radio001.png",800,400,false],"portraits":["https:\/\/radiosensacion.org\/radio\/wp-content\/uploads\/2024\/04\/logo_radio001.png",800,400,false],"thumbnail":["https:\/\/i0.wp.com\/radiosensacion.org\/radio\/wp-content\/uploads\/2024\/04\/logo_radio001.png?resize=150%2C150&ssl=1",150,150,true],"medium":["https:\/\/i0.wp.com\/radiosensacion.org\/radio\/wp-content\/uploads\/2024\/04\/logo_radio001.png?fit=300%2C150&ssl=1",300,150,true],"large":["https:\/\/i0.wp.com\/radiosensacion.org\/radio\/wp-content\/uploads\/2024\/04\/logo_radio001.png?fit=800%2C400&ssl=1",800,400,true],"1536x1536":["https:\/\/i0.wp.com\/radiosensacion.org\/radio\/wp-content\/uploads\/2024\/04\/logo_radio001.png?fit=800%2C400&ssl=1",800,400,true],"2048x2048":["https:\/\/i0.wp.com\/radiosensacion.org\/radio\/wp-content\/uploads\/2024\/04\/logo_radio001.png?fit=800%2C400&ssl=1",800,400,true]},"rttpg_author":{"display_name":"admin","author_link":"https:\/\/radiosensacion.org\/radio\/author\/admin\/"},"rttpg_comment":0,"rttpg_category":null,"rttpg_excerpt":"Radio Sensaci\u00f3n\u00a0surgi\u00f3 el 12 de abril de 1952 como Radio Miranda, con sede en Los Teques. Creada por los hermanos Arreaza Almenar, esta emisora se ha destacado por sus programas h\u00edpicos, siendo recordado\u00a0\u201cLos Grandes del Pron\u00f3stico\u201d\u00a0a cargo de Jos\u00e9 Gregorio Guillot, con m\u00e1s de quince a\u00f1os en el aire.\u00a0\u201cBaladas y Exitos de Siempre\u201d\u00a0ha cautivado a&hellip;","_links":{"self":[{"href":"https:\/\/radiosensacion.org\/radio\/wp-json\/wp\/v2\/pages\/74","targetHints":{"allow":["GET"]}}],"collection":[{"href":"https:\/\/radiosensacion.org\/radio\/wp-json\/wp\/v2\/pages"}],"about":[{"href":"https:\/\/radiosensacion.org\/radio\/wp-json\/wp\/v2\/types\/page"}],"author":[{"embeddable":true,"href":"https:\/\/radiosensacion.org\/radio\/wp-json\/wp\/v2\/users\/1"}],"replies":[{"embeddable":true,"href":"https:\/\/radiosensacion.org\/radio\/wp-json\/wp\/v2\/comments?post=74"}],"version-history":[{"count":7,"href":"https:\/\/radiosensacion.org\/radio\/wp-json\/wp\/v2\/pages\/74\/revisions"}],"predecessor-version":[{"id":283,"href":"https:\/\/radiosensacion.org\/radio\/wp-json\/wp\/v2\/pages\/74\/revisions\/283"}],"wp:featuredmedia":[{"embeddable":true,"href":"https:\/\/radiosensacion.org\/radio\/wp-json\/wp\/v2\/media\/15"}],"wp:attachment":[{"href":"https:\/\/radiosensacion.org\/radio\/wp-json\/wp\/v2\/media?parent=74"}],"curies":[{"name":"wp","href":"https:\/\/api.w.org\/{rel}","templated":true}]}}