{"id":358,"date":"2024-05-01T08:46:26","date_gmt":"2024-05-01T12:46:26","guid":{"rendered":"https:\/\/radiosensacion.org\/radio\/?page_id=358"},"modified":"2024-05-01T08:47:34","modified_gmt":"2024-05-01T12:47:34","slug":"con-nosotros","status":"publish","type":"page","link":"https:\/\/radiosensacion.org\/radio\/con-nosotros\/","title":{"rendered":"Con Nosotros"},"content":{"rendered":"\t\t<div data-elementor-type=\"wp-page\" data-elementor-id=\"358\" class=\"elementor elementor-358\" data-elementor-settings=\"{&quot;ha_cmc_init_switcher&quot;:&quot;no&quot;}\" data-elementor-post-type=\"page\">\n\t\t\t\t\t\t<section class=\"elementor-section elementor-top-section elementor-element elementor-element-c120647 elementor-section-boxed elementor-section-height-default elementor-section-height-default\" data-id=\"c120647\" data-element_type=\"section\" data-e-type=\"section\" data-settings=\"{&quot;_ha_eqh_enable&quot;:false}\">\n\t\t\t\t\t\t<div class=\"elementor-container elementor-column-gap-default\">\n\t\t\t\t\t<div class=\"elementor-column elementor-col-50 elementor-top-column elementor-element elementor-element-786472b\" data-id=\"786472b\" data-element_type=\"column\" data-e-type=\"column\">\n\t\t\t<div class=\"elementor-widget-wrap elementor-element-populated\">\n\t\t\t\t\t\t<div class=\"elementor-element elementor-element-99f8e84 elementor-widget elementor-widget-image\" data-id=\"99f8e84\" data-element_type=\"widget\" data-e-type=\"widget\" data-widget_type=\"image.default\">\n\t\t\t\t<div class=\"elementor-widget-container\">\n\t\t\t\t\t\t\t\t\t\t\t\t\t\t\t<img fetchpriority=\"high\" decoding=\"async\" width=\"732\" height=\"732\" src=\"https:\/\/i0.wp.com\/radiosensacion.org\/radio\/wp-content\/uploads\/2024\/05\/con-nosotros.jpg?fit=732%2C732&amp;ssl=1\" class=\"attachment-large size-large wp-image-359\" alt=\"\" srcset=\"https:\/\/i0.wp.com\/radiosensacion.org\/radio\/wp-content\/uploads\/2024\/05\/con-nosotros.jpg?w=732&amp;ssl=1 732w, https:\/\/i0.wp.com\/radiosensacion.org\/radio\/wp-content\/uploads\/2024\/05\/con-nosotros.jpg?resize=300%2C300&amp;ssl=1 300w, https:\/\/i0.wp.com\/radiosensacion.org\/radio\/wp-content\/uploads\/2024\/05\/con-nosotros.jpg?resize=150%2C150&amp;ssl=1 150w\" sizes=\"(max-width: 732px) 100vw, 732px\" \/>\t\t\t\t\t\t\t\t\t\t\t\t\t\t\t<\/div>\n\t\t\t\t<\/div>\n\t\t\t\t\t<\/div>\n\t\t<\/div>\n\t\t\t\t<div class=\"elementor-column elementor-col-50 elementor-top-column elementor-element elementor-element-97b218e\" data-id=\"97b218e\" data-element_type=\"column\" data-e-type=\"column\">\n\t\t\t<div class=\"elementor-widget-wrap elementor-element-populated\">\n\t\t\t\t\t\t<div class=\"elementor-element elementor-element-86fdcf1 elementor-widget elementor-widget-text-editor\" data-id=\"86fdcf1\" data-element_type=\"widget\" data-e-type=\"widget\" data-widget_type=\"text-editor.default\">\n\t\t\t\t<div class=\"elementor-widget-container\">\n\t\t\t\t\t\t\t\t\t<p>Con Nosotros, es un novedoso magazine con noticias, comentarios, an\u00e9cdotas, efem\u00e9rides, arte, cultura, entretenimiento y mucho m\u00e1s.<\/p><p><strong>TRANSMITE<\/strong>: martes y jueves de 05:00 p.m. a 06:00 p.m.<\/p><p><strong>PRODUCCI\u00d3N<\/strong>:\u00a0<br \/>Alejandro Chicotte y Jos\u00e9 Hurtado <\/p>\t\t\t\t\t\t\t\t<\/div>\n\t\t\t\t<\/div>\n\t\t\t\t\t<\/div>\n\t\t<\/div>\n\t\t\t\t\t<\/div>\n\t\t<\/section>\n\t\t\t\t<\/div>\n\t\t","protected":false},"excerpt":{"rendered":"<p>Con Nosotros, es un novedoso magazine con noticias, comentarios, an\u00e9cdotas, efem\u00e9rides, arte, cultura, entretenimiento y mucho m\u00e1s. TRANSMITE: martes y jueves de 05:00 p.m. a 06:00 p.m. PRODUCCI\u00d3N:\u00a0Alejandro Chicotte y Jos\u00e9 Hurtado<\/p>\n","protected":false},"author":1,"featured_media":359,"parent":0,"menu_order":0,"comment_status":"closed","ping_status":"closed","template":"","meta":{"footnotes":""},"class_list":["post-358","page","type-page","status-publish","has-post-thumbnail","hentry"],"jetpack_sharing_enabled":true,"rttpg_featured_image_url":{"full":["https:\/\/i0.wp.com\/radiosensacion.org\/radio\/wp-content\/uploads\/2024\/05\/con-nosotros.jpg?fit=732%2C732&ssl=1",732,732,false],"landscape":["https:\/\/radiosensacion.org\/radio\/wp-content\/uploads\/2024\/05\/con-nosotros.jpg",732,732,false],"portraits":["https:\/\/radiosensacion.org\/radio\/wp-content\/uploads\/2024\/05\/con-nosotros.jpg",732,732,false],"thumbnail":["https:\/\/i0.wp.com\/radiosensacion.org\/radio\/wp-content\/uploads\/2024\/05\/con-nosotros.jpg?resize=150%2C150&ssl=1",150,150,true],"medium":["https:\/\/i0.wp.com\/radiosensacion.org\/radio\/wp-content\/uploads\/2024\/05\/con-nosotros.jpg?fit=300%2C300&ssl=1",300,300,true],"large":["https:\/\/i0.wp.com\/radiosensacion.org\/radio\/wp-content\/uploads\/2024\/05\/con-nosotros.jpg?fit=732%2C732&ssl=1",732,732,true],"1536x1536":["https:\/\/i0.wp.com\/radiosensacion.org\/radio\/wp-content\/uploads\/2024\/05\/con-nosotros.jpg?fit=732%2C732&ssl=1",732,732,true],"2048x2048":["https:\/\/i0.wp.com\/radiosensacion.org\/radio\/wp-content\/uploads\/2024\/05\/con-nosotros.jpg?fit=732%2C732&ssl=1",732,732,true]},"rttpg_author":{"display_name":"admin","author_link":"https:\/\/radiosensacion.org\/radio\/author\/admin\/"},"rttpg_comment":0,"rttpg_category":null,"rttpg_excerpt":"Con Nosotros, es un novedoso magazine con noticias, comentarios, an\u00e9cdotas, efem\u00e9rides, arte, cultura, entretenimiento y mucho m\u00e1s. TRANSMITE: martes y jueves de 05:00 p.m. a 06:00 p.m. PRODUCCI\u00d3N:\u00a0Alejandro Chicotte y Jos\u00e9 Hurtado","_links":{"self":[{"href":"https:\/\/radiosensacion.org\/radio\/wp-json\/wp\/v2\/pages\/358","targetHints":{"allow":["GET"]}}],"collection":[{"href":"https:\/\/radiosensacion.org\/radio\/wp-json\/wp\/v2\/pages"}],"about":[{"href":"https:\/\/radiosensacion.org\/radio\/wp-json\/wp\/v2\/types\/page"}],"author":[{"embeddable":true,"href":"https:\/\/radiosensacion.org\/radio\/wp-json\/wp\/v2\/users\/1"}],"replies":[{"embeddable":true,"href":"https:\/\/radiosensacion.org\/radio\/wp-json\/wp\/v2\/comments?post=358"}],"version-history":[{"count":4,"href":"https:\/\/radiosensacion.org\/radio\/wp-json\/wp\/v2\/pages\/358\/revisions"}],"predecessor-version":[{"id":363,"href":"https:\/\/radiosensacion.org\/radio\/wp-json\/wp\/v2\/pages\/358\/revisions\/363"}],"wp:featuredmedia":[{"embeddable":true,"href":"https:\/\/radiosensacion.org\/radio\/wp-json\/wp\/v2\/media\/359"}],"wp:attachment":[{"href":"https:\/\/radiosensacion.org\/radio\/wp-json\/wp\/v2\/media?parent=358"}],"curies":[{"name":"wp","href":"https:\/\/api.w.org\/{rel}","templated":true}]}}