{"id":352,"date":"2024-05-01T08:43:31","date_gmt":"2024-05-01T12:43:31","guid":{"rendered":"https:\/\/radiosensacion.org\/radio\/?page_id=352"},"modified":"2024-05-01T08:44:47","modified_gmt":"2024-05-01T12:44:47","slug":"mexico-y-sus-canciones","status":"publish","type":"page","link":"https:\/\/radiosensacion.org\/radio\/mexico-y-sus-canciones\/","title":{"rendered":"M\u00e9xico y sus Canciones"},"content":{"rendered":"\t\t<div data-elementor-type=\"wp-page\" data-elementor-id=\"352\" class=\"elementor elementor-352\" data-elementor-settings=\"{&quot;ha_cmc_init_switcher&quot;:&quot;no&quot;}\" data-elementor-post-type=\"page\">\n\t\t\t\t\t\t<section class=\"elementor-section elementor-top-section elementor-element elementor-element-aae3f32 elementor-section-boxed elementor-section-height-default elementor-section-height-default\" data-id=\"aae3f32\" data-element_type=\"section\" data-e-type=\"section\" data-settings=\"{&quot;_ha_eqh_enable&quot;:false}\">\n\t\t\t\t\t\t<div class=\"elementor-container elementor-column-gap-default\">\n\t\t\t\t\t<div class=\"elementor-column elementor-col-50 elementor-top-column elementor-element elementor-element-1da5186\" data-id=\"1da5186\" data-element_type=\"column\" data-e-type=\"column\">\n\t\t\t<div class=\"elementor-widget-wrap elementor-element-populated\">\n\t\t\t\t\t\t<div class=\"elementor-element elementor-element-18e20d5 elementor-widget elementor-widget-image\" data-id=\"18e20d5\" data-element_type=\"widget\" data-e-type=\"widget\" data-widget_type=\"image.default\">\n\t\t\t\t<div class=\"elementor-widget-container\">\n\t\t\t\t\t\t\t\t\t\t\t\t\t\t\t<img fetchpriority=\"high\" decoding=\"async\" width=\"500\" height=\"500\" src=\"https:\/\/i0.wp.com\/radiosensacion.org\/radio\/wp-content\/uploads\/2024\/05\/mexico-canciones.jpg?fit=500%2C500&amp;ssl=1\" class=\"attachment-large size-large wp-image-353\" alt=\"\" srcset=\"https:\/\/i0.wp.com\/radiosensacion.org\/radio\/wp-content\/uploads\/2024\/05\/mexico-canciones.jpg?w=500&amp;ssl=1 500w, https:\/\/i0.wp.com\/radiosensacion.org\/radio\/wp-content\/uploads\/2024\/05\/mexico-canciones.jpg?resize=300%2C300&amp;ssl=1 300w, https:\/\/i0.wp.com\/radiosensacion.org\/radio\/wp-content\/uploads\/2024\/05\/mexico-canciones.jpg?resize=150%2C150&amp;ssl=1 150w\" sizes=\"(max-width: 500px) 100vw, 500px\" \/>\t\t\t\t\t\t\t\t\t\t\t\t\t\t\t<\/div>\n\t\t\t\t<\/div>\n\t\t\t\t\t<\/div>\n\t\t<\/div>\n\t\t\t\t<div class=\"elementor-column elementor-col-50 elementor-top-column elementor-element elementor-element-df7295b\" data-id=\"df7295b\" data-element_type=\"column\" data-e-type=\"column\">\n\t\t\t<div class=\"elementor-widget-wrap elementor-element-populated\">\n\t\t\t\t\t\t<div class=\"elementor-element elementor-element-4ce3d31 elementor-widget elementor-widget-text-editor\" data-id=\"4ce3d31\" data-element_type=\"widget\" data-e-type=\"widget\" data-widget_type=\"text-editor.default\">\n\t\t\t\t<div class=\"elementor-widget-container\">\n\t\t\t\t\t\t\t\t\t<p>M\u00e9xico y sus canciones, programa de entretenimiento, interacci\u00f3n, entrevistas, y m\u00e1s en la voz de Alfonso Tony V\u00e1squez.<\/p><p><strong>TRANSMITE<\/strong>: s\u00e1bados 02:00 p.m. a 04:00 p.m.<\/p><p><strong>PRODUCCI\u00d3N<\/strong>:\u00a0<br \/>Alfonso Tony V\u00e1squez <\/p>\t\t\t\t\t\t\t\t<\/div>\n\t\t\t\t<\/div>\n\t\t\t\t\t<\/div>\n\t\t<\/div>\n\t\t\t\t\t<\/div>\n\t\t<\/section>\n\t\t\t\t<\/div>\n\t\t","protected":false},"excerpt":{"rendered":"<p>M\u00e9xico y sus canciones, programa de entretenimiento, interacci\u00f3n, entrevistas, y m\u00e1s en la voz de Alfonso Tony V\u00e1squez. TRANSMITE: s\u00e1bados 02:00 p.m. a 04:00 p.m. PRODUCCI\u00d3N:\u00a0Alfonso Tony V\u00e1squez<\/p>\n","protected":false},"author":1,"featured_media":353,"parent":0,"menu_order":0,"comment_status":"closed","ping_status":"closed","template":"","meta":{"footnotes":""},"class_list":["post-352","page","type-page","status-publish","has-post-thumbnail","hentry"],"jetpack_sharing_enabled":true,"rttpg_featured_image_url":{"full":["https:\/\/i0.wp.com\/radiosensacion.org\/radio\/wp-content\/uploads\/2024\/05\/mexico-canciones.jpg?fit=500%2C500&ssl=1",500,500,false],"landscape":["https:\/\/radiosensacion.org\/radio\/wp-content\/uploads\/2024\/05\/mexico-canciones.jpg",500,500,false],"portraits":["https:\/\/radiosensacion.org\/radio\/wp-content\/uploads\/2024\/05\/mexico-canciones.jpg",500,500,false],"thumbnail":["https:\/\/i0.wp.com\/radiosensacion.org\/radio\/wp-content\/uploads\/2024\/05\/mexico-canciones.jpg?resize=150%2C150&ssl=1",150,150,true],"medium":["https:\/\/i0.wp.com\/radiosensacion.org\/radio\/wp-content\/uploads\/2024\/05\/mexico-canciones.jpg?fit=300%2C300&ssl=1",300,300,true],"large":["https:\/\/i0.wp.com\/radiosensacion.org\/radio\/wp-content\/uploads\/2024\/05\/mexico-canciones.jpg?fit=500%2C500&ssl=1",500,500,true],"1536x1536":["https:\/\/i0.wp.com\/radiosensacion.org\/radio\/wp-content\/uploads\/2024\/05\/mexico-canciones.jpg?fit=500%2C500&ssl=1",500,500,true],"2048x2048":["https:\/\/i0.wp.com\/radiosensacion.org\/radio\/wp-content\/uploads\/2024\/05\/mexico-canciones.jpg?fit=500%2C500&ssl=1",500,500,true]},"rttpg_author":{"display_name":"admin","author_link":"https:\/\/radiosensacion.org\/radio\/author\/admin\/"},"rttpg_comment":0,"rttpg_category":null,"rttpg_excerpt":"M\u00e9xico y sus canciones, programa de entretenimiento, interacci\u00f3n, entrevistas, y m\u00e1s en la voz de Alfonso Tony V\u00e1squez. TRANSMITE: s\u00e1bados 02:00 p.m. a 04:00 p.m. PRODUCCI\u00d3N:\u00a0Alfonso Tony V\u00e1squez","_links":{"self":[{"href":"https:\/\/radiosensacion.org\/radio\/wp-json\/wp\/v2\/pages\/352","targetHints":{"allow":["GET"]}}],"collection":[{"href":"https:\/\/radiosensacion.org\/radio\/wp-json\/wp\/v2\/pages"}],"about":[{"href":"https:\/\/radiosensacion.org\/radio\/wp-json\/wp\/v2\/types\/page"}],"author":[{"embeddable":true,"href":"https:\/\/radiosensacion.org\/radio\/wp-json\/wp\/v2\/users\/1"}],"replies":[{"embeddable":true,"href":"https:\/\/radiosensacion.org\/radio\/wp-json\/wp\/v2\/comments?post=352"}],"version-history":[{"count":4,"href":"https:\/\/radiosensacion.org\/radio\/wp-json\/wp\/v2\/pages\/352\/revisions"}],"predecessor-version":[{"id":357,"href":"https:\/\/radiosensacion.org\/radio\/wp-json\/wp\/v2\/pages\/352\/revisions\/357"}],"wp:featuredmedia":[{"embeddable":true,"href":"https:\/\/radiosensacion.org\/radio\/wp-json\/wp\/v2\/media\/353"}],"wp:attachment":[{"href":"https:\/\/radiosensacion.org\/radio\/wp-json\/wp\/v2\/media?parent=352"}],"curies":[{"name":"wp","href":"https:\/\/api.w.org\/{rel}","templated":true}]}}