{"id":346,"date":"2024-05-01T08:39:41","date_gmt":"2024-05-01T12:39:41","guid":{"rendered":"https:\/\/radiosensacion.org\/radio\/?page_id=346"},"modified":"2024-05-01T08:41:40","modified_gmt":"2024-05-01T12:41:40","slug":"cara-a-cara","status":"publish","type":"page","link":"https:\/\/radiosensacion.org\/radio\/cara-a-cara\/","title":{"rendered":"Cara a Cara"},"content":{"rendered":"\t\t<div data-elementor-type=\"wp-page\" data-elementor-id=\"346\" class=\"elementor elementor-346\" data-elementor-settings=\"{&quot;ha_cmc_init_switcher&quot;:&quot;no&quot;}\" data-elementor-post-type=\"page\">\n\t\t\t\t\t\t<section class=\"elementor-section elementor-top-section elementor-element elementor-element-8f599f2 elementor-section-boxed elementor-section-height-default elementor-section-height-default\" data-id=\"8f599f2\" data-element_type=\"section\" data-e-type=\"section\" data-settings=\"{&quot;_ha_eqh_enable&quot;:false}\">\n\t\t\t\t\t\t<div class=\"elementor-container elementor-column-gap-default\">\n\t\t\t\t\t<div class=\"elementor-column elementor-col-50 elementor-top-column elementor-element elementor-element-f46dcc7\" data-id=\"f46dcc7\" data-element_type=\"column\" data-e-type=\"column\">\n\t\t\t<div class=\"elementor-widget-wrap elementor-element-populated\">\n\t\t\t\t\t\t<div class=\"elementor-element elementor-element-53a94a5 elementor-widget elementor-widget-image\" data-id=\"53a94a5\" data-element_type=\"widget\" data-e-type=\"widget\" data-widget_type=\"image.default\">\n\t\t\t\t<div class=\"elementor-widget-container\">\n\t\t\t\t\t\t\t\t\t\t\t\t\t\t\t<img fetchpriority=\"high\" decoding=\"async\" width=\"568\" height=\"568\" src=\"https:\/\/i0.wp.com\/radiosensacion.org\/radio\/wp-content\/uploads\/2024\/05\/cara-a-cara.jpg?fit=568%2C568&amp;ssl=1\" class=\"attachment-large size-large wp-image-347\" alt=\"\" srcset=\"https:\/\/i0.wp.com\/radiosensacion.org\/radio\/wp-content\/uploads\/2024\/05\/cara-a-cara.jpg?w=568&amp;ssl=1 568w, https:\/\/i0.wp.com\/radiosensacion.org\/radio\/wp-content\/uploads\/2024\/05\/cara-a-cara.jpg?resize=300%2C300&amp;ssl=1 300w, https:\/\/i0.wp.com\/radiosensacion.org\/radio\/wp-content\/uploads\/2024\/05\/cara-a-cara.jpg?resize=150%2C150&amp;ssl=1 150w\" sizes=\"(max-width: 568px) 100vw, 568px\" \/>\t\t\t\t\t\t\t\t\t\t\t\t\t\t\t<\/div>\n\t\t\t\t<\/div>\n\t\t\t\t\t<\/div>\n\t\t<\/div>\n\t\t\t\t<div class=\"elementor-column elementor-col-50 elementor-top-column elementor-element elementor-element-9362b66\" data-id=\"9362b66\" data-element_type=\"column\" data-e-type=\"column\">\n\t\t\t<div class=\"elementor-widget-wrap elementor-element-populated\">\n\t\t\t\t\t\t<div class=\"elementor-element elementor-element-3be6d3f elementor-widget elementor-widget-text-editor\" data-id=\"3be6d3f\" data-element_type=\"widget\" data-e-type=\"widget\" data-widget_type=\"text-editor.default\">\n\t\t\t\t<div class=\"elementor-widget-container\">\n\t\t\t\t\t\t\t\t\t<p>Es un programa de corte social comunitario, gremial, de informaci\u00f3n parlamentaria y pol\u00edticas p\u00fablicas nacionales en general; defensor de los derechos de las mujeres, adultos mayores, ni\u00f1os, ni\u00f1as y adolescentes. <br \/>En \u00e9l se realizan debates democr\u00e1ticos con amplitud y respeto a todos los grupos diversos e ideol\u00f3gicos. As\u00ed mismo, se dan a conocer tambi\u00e9n las distintas denuncias comunitarias en la secci\u00f3n \u201cLas Perlitas\u201d con Franklin Rever\u00f3n, para enlazar soluciones con los entes competentes.<\/p><p><strong>TRANSMITE<\/strong>: lunes a viernes de 4:00 p.m. a 05:00 p.m.<\/p><p><strong>Redes Sociales<\/strong>:<br \/><a href=\"https:\/\/twitter.com\/castilloMaribel\" target=\"_blank\" rel=\"noopener\">Twitter<\/a> <br \/><a href=\"https:\/\/www.instagram.com\/maribelcastillo.a\/\" target=\"_blank\" rel=\"noopener\">Instagram<\/a><\/p><p><strong>PRODUCCI\u00d3N<\/strong>:\u00a0<br \/>Diputada Maribel Castillo y el Comisario General Franklin Rever\u00f3n<\/p>\t\t\t\t\t\t\t\t<\/div>\n\t\t\t\t<\/div>\n\t\t\t\t\t<\/div>\n\t\t<\/div>\n\t\t\t\t\t<\/div>\n\t\t<\/section>\n\t\t\t\t<\/div>\n\t\t","protected":false},"excerpt":{"rendered":"<p>Es un programa de corte social comunitario, gremial, de informaci\u00f3n parlamentaria y pol\u00edticas p\u00fablicas nacionales en general; defensor de los derechos de las mujeres, adultos mayores, ni\u00f1os, ni\u00f1as y adolescentes. En \u00e9l se realizan debates democr\u00e1ticos con amplitud y respeto a todos los grupos diversos e ideol\u00f3gicos. As\u00ed mismo, se dan a conocer tambi\u00e9n las [&hellip;]<\/p>\n","protected":false},"author":1,"featured_media":347,"parent":0,"menu_order":0,"comment_status":"closed","ping_status":"closed","template":"","meta":{"footnotes":""},"class_list":["post-346","page","type-page","status-publish","has-post-thumbnail","hentry"],"jetpack_sharing_enabled":true,"rttpg_featured_image_url":{"full":["https:\/\/i0.wp.com\/radiosensacion.org\/radio\/wp-content\/uploads\/2024\/05\/cara-a-cara.jpg?fit=568%2C568&ssl=1",568,568,false],"landscape":["https:\/\/radiosensacion.org\/radio\/wp-content\/uploads\/2024\/05\/cara-a-cara.jpg",568,568,false],"portraits":["https:\/\/radiosensacion.org\/radio\/wp-content\/uploads\/2024\/05\/cara-a-cara.jpg",568,568,false],"thumbnail":["https:\/\/i0.wp.com\/radiosensacion.org\/radio\/wp-content\/uploads\/2024\/05\/cara-a-cara.jpg?resize=150%2C150&ssl=1",150,150,true],"medium":["https:\/\/i0.wp.com\/radiosensacion.org\/radio\/wp-content\/uploads\/2024\/05\/cara-a-cara.jpg?fit=300%2C300&ssl=1",300,300,true],"large":["https:\/\/i0.wp.com\/radiosensacion.org\/radio\/wp-content\/uploads\/2024\/05\/cara-a-cara.jpg?fit=568%2C568&ssl=1",568,568,true],"1536x1536":["https:\/\/i0.wp.com\/radiosensacion.org\/radio\/wp-content\/uploads\/2024\/05\/cara-a-cara.jpg?fit=568%2C568&ssl=1",568,568,true],"2048x2048":["https:\/\/i0.wp.com\/radiosensacion.org\/radio\/wp-content\/uploads\/2024\/05\/cara-a-cara.jpg?fit=568%2C568&ssl=1",568,568,true]},"rttpg_author":{"display_name":"admin","author_link":"https:\/\/radiosensacion.org\/radio\/author\/admin\/"},"rttpg_comment":0,"rttpg_category":null,"rttpg_excerpt":"Es un programa de corte social comunitario, gremial, de informaci\u00f3n parlamentaria y pol\u00edticas p\u00fablicas nacionales en general; defensor de los derechos de las mujeres, adultos mayores, ni\u00f1os, ni\u00f1as y adolescentes. En \u00e9l se realizan debates democr\u00e1ticos con amplitud y respeto a todos los grupos diversos e ideol\u00f3gicos. As\u00ed mismo, se dan a conocer tambi\u00e9n las&hellip;","_links":{"self":[{"href":"https:\/\/radiosensacion.org\/radio\/wp-json\/wp\/v2\/pages\/346","targetHints":{"allow":["GET"]}}],"collection":[{"href":"https:\/\/radiosensacion.org\/radio\/wp-json\/wp\/v2\/pages"}],"about":[{"href":"https:\/\/radiosensacion.org\/radio\/wp-json\/wp\/v2\/types\/page"}],"author":[{"embeddable":true,"href":"https:\/\/radiosensacion.org\/radio\/wp-json\/wp\/v2\/users\/1"}],"replies":[{"embeddable":true,"href":"https:\/\/radiosensacion.org\/radio\/wp-json\/wp\/v2\/comments?post=346"}],"version-history":[{"count":4,"href":"https:\/\/radiosensacion.org\/radio\/wp-json\/wp\/v2\/pages\/346\/revisions"}],"predecessor-version":[{"id":351,"href":"https:\/\/radiosensacion.org\/radio\/wp-json\/wp\/v2\/pages\/346\/revisions\/351"}],"wp:featuredmedia":[{"embeddable":true,"href":"https:\/\/radiosensacion.org\/radio\/wp-json\/wp\/v2\/media\/347"}],"wp:attachment":[{"href":"https:\/\/radiosensacion.org\/radio\/wp-json\/wp\/v2\/media?parent=346"}],"curies":[{"name":"wp","href":"https:\/\/api.w.org\/{rel}","templated":true}]}}