{"id":330,"date":"2024-05-01T08:29:08","date_gmt":"2024-05-01T12:29:08","guid":{"rendered":"https:\/\/radiosensacion.org\/radio\/?page_id=330"},"modified":"2024-05-01T08:30:25","modified_gmt":"2024-05-01T12:30:25","slug":"la-ultima-curva-hipica","status":"publish","type":"page","link":"https:\/\/radiosensacion.org\/radio\/la-ultima-curva-hipica\/","title":{"rendered":"La \u00daltima Curva H\u00edpica"},"content":{"rendered":"\t\t<div data-elementor-type=\"wp-page\" data-elementor-id=\"330\" class=\"elementor elementor-330\" data-elementor-settings=\"{&quot;ha_cmc_init_switcher&quot;:&quot;no&quot;}\" data-elementor-post-type=\"page\">\n\t\t\t\t\t\t<section class=\"elementor-section elementor-top-section elementor-element elementor-element-9919437 elementor-section-boxed elementor-section-height-default elementor-section-height-default\" data-id=\"9919437\" data-element_type=\"section\" data-e-type=\"section\" data-settings=\"{&quot;_ha_eqh_enable&quot;:false}\">\n\t\t\t\t\t\t<div class=\"elementor-container elementor-column-gap-default\">\n\t\t\t\t\t<div class=\"elementor-column elementor-col-50 elementor-top-column elementor-element elementor-element-61e041a\" data-id=\"61e041a\" data-element_type=\"column\" data-e-type=\"column\">\n\t\t\t<div class=\"elementor-widget-wrap elementor-element-populated\">\n\t\t\t\t\t\t<div class=\"elementor-element elementor-element-930180d elementor-widget elementor-widget-image\" data-id=\"930180d\" data-element_type=\"widget\" data-e-type=\"widget\" data-widget_type=\"image.default\">\n\t\t\t\t<div class=\"elementor-widget-container\">\n\t\t\t\t\t\t\t\t\t\t\t\t\t\t\t<img fetchpriority=\"high\" decoding=\"async\" width=\"510\" height=\"510\" src=\"https:\/\/i0.wp.com\/radiosensacion.org\/radio\/wp-content\/uploads\/2024\/05\/curva-hipica.jpg?fit=510%2C510&amp;ssl=1\" class=\"attachment-large size-large wp-image-331\" alt=\"\" srcset=\"https:\/\/i0.wp.com\/radiosensacion.org\/radio\/wp-content\/uploads\/2024\/05\/curva-hipica.jpg?w=510&amp;ssl=1 510w, https:\/\/i0.wp.com\/radiosensacion.org\/radio\/wp-content\/uploads\/2024\/05\/curva-hipica.jpg?resize=300%2C300&amp;ssl=1 300w, https:\/\/i0.wp.com\/radiosensacion.org\/radio\/wp-content\/uploads\/2024\/05\/curva-hipica.jpg?resize=150%2C150&amp;ssl=1 150w\" sizes=\"(max-width: 510px) 100vw, 510px\" \/>\t\t\t\t\t\t\t\t\t\t\t\t\t\t\t<\/div>\n\t\t\t\t<\/div>\n\t\t\t\t\t<\/div>\n\t\t<\/div>\n\t\t\t\t<div class=\"elementor-column elementor-col-50 elementor-top-column elementor-element elementor-element-9f0aced\" data-id=\"9f0aced\" data-element_type=\"column\" data-e-type=\"column\">\n\t\t\t<div class=\"elementor-widget-wrap elementor-element-populated\">\n\t\t\t\t\t\t<div class=\"elementor-element elementor-element-7698d2f elementor-widget elementor-widget-text-editor\" data-id=\"7698d2f\" data-element_type=\"widget\" data-e-type=\"widget\" data-widget_type=\"text-editor.default\">\n\t\t\t\t<div class=\"elementor-widget-container\">\n\t\t\t\t\t\t\t\t\t<p>Un programa que te incluye m\u00fasica, cultura y deportes en un solo lugar, todo esto al son del l\u00e1tigo Fuentes.<\/p><p><strong>TRANSMITE<\/strong>: domingo de 09:00 a.m. a 11:00 a.m.<\/p><p><strong>PRODUCCI\u00d3N<\/strong>:\u00a0<br \/>Locutor Wilmer Fuentes <\/p>\t\t\t\t\t\t\t\t<\/div>\n\t\t\t\t<\/div>\n\t\t\t\t\t<\/div>\n\t\t<\/div>\n\t\t\t\t\t<\/div>\n\t\t<\/section>\n\t\t\t\t<\/div>\n\t\t","protected":false},"excerpt":{"rendered":"<p>Un programa que te incluye m\u00fasica, cultura y deportes en un solo lugar, todo esto al son del l\u00e1tigo Fuentes. TRANSMITE: domingo de 09:00 a.m. a 11:00 a.m. PRODUCCI\u00d3N:\u00a0Locutor Wilmer Fuentes<\/p>\n","protected":false},"author":1,"featured_media":331,"parent":0,"menu_order":0,"comment_status":"closed","ping_status":"closed","template":"","meta":{"footnotes":""},"class_list":["post-330","page","type-page","status-publish","has-post-thumbnail","hentry"],"jetpack_sharing_enabled":true,"rttpg_featured_image_url":{"full":["https:\/\/i0.wp.com\/radiosensacion.org\/radio\/wp-content\/uploads\/2024\/05\/curva-hipica.jpg?fit=510%2C510&ssl=1",510,510,false],"landscape":["https:\/\/radiosensacion.org\/radio\/wp-content\/uploads\/2024\/05\/curva-hipica.jpg",510,510,false],"portraits":["https:\/\/radiosensacion.org\/radio\/wp-content\/uploads\/2024\/05\/curva-hipica.jpg",510,510,false],"thumbnail":["https:\/\/i0.wp.com\/radiosensacion.org\/radio\/wp-content\/uploads\/2024\/05\/curva-hipica.jpg?resize=150%2C150&ssl=1",150,150,true],"medium":["https:\/\/i0.wp.com\/radiosensacion.org\/radio\/wp-content\/uploads\/2024\/05\/curva-hipica.jpg?fit=300%2C300&ssl=1",300,300,true],"large":["https:\/\/i0.wp.com\/radiosensacion.org\/radio\/wp-content\/uploads\/2024\/05\/curva-hipica.jpg?fit=510%2C510&ssl=1",510,510,true],"1536x1536":["https:\/\/i0.wp.com\/radiosensacion.org\/radio\/wp-content\/uploads\/2024\/05\/curva-hipica.jpg?fit=510%2C510&ssl=1",510,510,true],"2048x2048":["https:\/\/i0.wp.com\/radiosensacion.org\/radio\/wp-content\/uploads\/2024\/05\/curva-hipica.jpg?fit=510%2C510&ssl=1",510,510,true]},"rttpg_author":{"display_name":"admin","author_link":"https:\/\/radiosensacion.org\/radio\/author\/admin\/"},"rttpg_comment":0,"rttpg_category":null,"rttpg_excerpt":"Un programa que te incluye m\u00fasica, cultura y deportes en un solo lugar, todo esto al son del l\u00e1tigo Fuentes. TRANSMITE: domingo de 09:00 a.m. a 11:00 a.m. PRODUCCI\u00d3N:\u00a0Locutor Wilmer Fuentes","_links":{"self":[{"href":"https:\/\/radiosensacion.org\/radio\/wp-json\/wp\/v2\/pages\/330","targetHints":{"allow":["GET"]}}],"collection":[{"href":"https:\/\/radiosensacion.org\/radio\/wp-json\/wp\/v2\/pages"}],"about":[{"href":"https:\/\/radiosensacion.org\/radio\/wp-json\/wp\/v2\/types\/page"}],"author":[{"embeddable":true,"href":"https:\/\/radiosensacion.org\/radio\/wp-json\/wp\/v2\/users\/1"}],"replies":[{"embeddable":true,"href":"https:\/\/radiosensacion.org\/radio\/wp-json\/wp\/v2\/comments?post=330"}],"version-history":[{"count":4,"href":"https:\/\/radiosensacion.org\/radio\/wp-json\/wp\/v2\/pages\/330\/revisions"}],"predecessor-version":[{"id":335,"href":"https:\/\/radiosensacion.org\/radio\/wp-json\/wp\/v2\/pages\/330\/revisions\/335"}],"wp:featuredmedia":[{"embeddable":true,"href":"https:\/\/radiosensacion.org\/radio\/wp-json\/wp\/v2\/media\/331"}],"wp:attachment":[{"href":"https:\/\/radiosensacion.org\/radio\/wp-json\/wp\/v2\/media?parent=330"}],"curies":[{"name":"wp","href":"https:\/\/api.w.org\/{rel}","templated":true}]}}