{"id":255,"date":"2024-04-26T15:32:57","date_gmt":"2024-04-26T15:32:57","guid":{"rendered":"https:\/\/radiosensacion.org\/radio\/?page_id=255"},"modified":"2024-05-01T08:52:34","modified_gmt":"2024-05-01T12:52:34","slug":"que-tal-chamo","status":"publish","type":"page","link":"https:\/\/radiosensacion.org\/radio\/que-tal-chamo\/","title":{"rendered":"Qu\u00e9 Tal Chamo"},"content":{"rendered":"\t\t<div data-elementor-type=\"wp-page\" data-elementor-id=\"255\" class=\"elementor elementor-255\" data-elementor-settings=\"{&quot;ha_cmc_init_switcher&quot;:&quot;no&quot;}\" data-elementor-post-type=\"page\">\n\t\t\t\t\t\t<section class=\"elementor-section elementor-top-section elementor-element elementor-element-aafc30b elementor-section-boxed elementor-section-height-default elementor-section-height-default\" data-id=\"aafc30b\" data-element_type=\"section\" data-e-type=\"section\" data-settings=\"{&quot;_ha_eqh_enable&quot;:false}\">\n\t\t\t\t\t\t<div class=\"elementor-container elementor-column-gap-default\">\n\t\t\t\t\t<div class=\"elementor-column elementor-col-50 elementor-top-column elementor-element elementor-element-108c114\" data-id=\"108c114\" data-element_type=\"column\" data-e-type=\"column\">\n\t\t\t<div class=\"elementor-widget-wrap elementor-element-populated\">\n\t\t\t\t\t\t<div class=\"elementor-element elementor-element-b18aa81 elementor-widget elementor-widget-image\" data-id=\"b18aa81\" data-element_type=\"widget\" data-e-type=\"widget\" data-widget_type=\"image.default\">\n\t\t\t\t<div class=\"elementor-widget-container\">\n\t\t\t\t\t\t\t\t\t\t\t\t\t\t\t<img fetchpriority=\"high\" decoding=\"async\" width=\"461\" height=\"461\" src=\"https:\/\/i0.wp.com\/radiosensacion.org\/radio\/wp-content\/uploads\/2024\/05\/que-tal-chamo_bnn2.jpg?fit=461%2C461&amp;ssl=1\" class=\"attachment-large size-large wp-image-375\" alt=\"\" srcset=\"https:\/\/i0.wp.com\/radiosensacion.org\/radio\/wp-content\/uploads\/2024\/05\/que-tal-chamo_bnn2.jpg?w=461&amp;ssl=1 461w, https:\/\/i0.wp.com\/radiosensacion.org\/radio\/wp-content\/uploads\/2024\/05\/que-tal-chamo_bnn2.jpg?resize=300%2C300&amp;ssl=1 300w, https:\/\/i0.wp.com\/radiosensacion.org\/radio\/wp-content\/uploads\/2024\/05\/que-tal-chamo_bnn2.jpg?resize=150%2C150&amp;ssl=1 150w\" sizes=\"(max-width: 461px) 100vw, 461px\" \/>\t\t\t\t\t\t\t\t\t\t\t\t\t\t\t<\/div>\n\t\t\t\t<\/div>\n\t\t\t\t\t<\/div>\n\t\t<\/div>\n\t\t\t\t<div class=\"elementor-column elementor-col-50 elementor-top-column elementor-element elementor-element-295ea51\" data-id=\"295ea51\" data-element_type=\"column\" data-e-type=\"column\">\n\t\t\t<div class=\"elementor-widget-wrap elementor-element-populated\">\n\t\t\t\t\t\t<div class=\"elementor-element elementor-element-8233543 elementor-widget elementor-widget-text-editor\" data-id=\"8233543\" data-element_type=\"widget\" data-e-type=\"widget\" data-widget_type=\"text-editor.default\">\n\t\t\t\t<div class=\"elementor-widget-container\">\n\t\t\t\t\t\t\t\t\t<p>Te ofrece una gran alternativa en educaci\u00f3n, entretenimiento e informaci\u00f3n para ni\u00f1os, ni\u00f1as, adolescentes, familias y p\u00fablico en general.<\/p><p><strong>TRANSMITE<\/strong>: Todos los martes de 02:00 p.m. a 03:00 p.m.<\/p><p><strong>Redes Sociales<\/strong>:<br \/><a href=\"https:\/\/www.instagram.com\/quetalchamoradio\/\" target=\"_blank\" rel=\"noopener\">Instagram<\/a><br \/><a href=\"https:\/\/www.instagram.com\/doncucho.elllanero\" target=\"_blank\" rel=\"noopener\">Instagram de DonCucho<\/a><\/p><p><strong>PRODUCCI\u00d3N<\/strong>:\u00a0<br \/>Nelson Blanco<\/p>\t\t\t\t\t\t\t\t<\/div>\n\t\t\t\t<\/div>\n\t\t\t\t\t<\/div>\n\t\t<\/div>\n\t\t\t\t\t<\/div>\n\t\t<\/section>\n\t\t\t\t<\/div>\n\t\t","protected":false},"excerpt":{"rendered":"<p>Te ofrece una gran alternativa en educaci\u00f3n, entretenimiento e informaci\u00f3n para ni\u00f1os, ni\u00f1as, adolescentes, familias y p\u00fablico en general. TRANSMITE: Todos los martes de 02:00 p.m. a 03:00 p.m. Redes Sociales:InstagramInstagram de DonCucho PRODUCCI\u00d3N:\u00a0Nelson Blanco<\/p>\n","protected":false},"author":1,"featured_media":258,"parent":0,"menu_order":0,"comment_status":"closed","ping_status":"closed","template":"","meta":{"footnotes":""},"class_list":["post-255","page","type-page","status-publish","has-post-thumbnail","hentry"],"jetpack_sharing_enabled":true,"rttpg_featured_image_url":{"full":["https:\/\/i0.wp.com\/radiosensacion.org\/radio\/wp-content\/uploads\/2024\/04\/que-tal-chamo_bnn.jpg?fit=461%2C461&ssl=1",461,461,false],"landscape":["https:\/\/radiosensacion.org\/radio\/wp-content\/uploads\/2024\/04\/que-tal-chamo_bnn.jpg",461,461,false],"portraits":["https:\/\/radiosensacion.org\/radio\/wp-content\/uploads\/2024\/04\/que-tal-chamo_bnn.jpg",461,461,false],"thumbnail":["https:\/\/i0.wp.com\/radiosensacion.org\/radio\/wp-content\/uploads\/2024\/04\/que-tal-chamo_bnn.jpg?resize=150%2C150&ssl=1",150,150,true],"medium":["https:\/\/i0.wp.com\/radiosensacion.org\/radio\/wp-content\/uploads\/2024\/04\/que-tal-chamo_bnn.jpg?fit=300%2C300&ssl=1",300,300,true],"large":["https:\/\/i0.wp.com\/radiosensacion.org\/radio\/wp-content\/uploads\/2024\/04\/que-tal-chamo_bnn.jpg?fit=461%2C461&ssl=1",461,461,true],"1536x1536":["https:\/\/i0.wp.com\/radiosensacion.org\/radio\/wp-content\/uploads\/2024\/04\/que-tal-chamo_bnn.jpg?fit=461%2C461&ssl=1",461,461,true],"2048x2048":["https:\/\/i0.wp.com\/radiosensacion.org\/radio\/wp-content\/uploads\/2024\/04\/que-tal-chamo_bnn.jpg?fit=461%2C461&ssl=1",461,461,true]},"rttpg_author":{"display_name":"admin","author_link":"https:\/\/radiosensacion.org\/radio\/author\/admin\/"},"rttpg_comment":0,"rttpg_category":null,"rttpg_excerpt":"Te ofrece una gran alternativa en educaci\u00f3n, entretenimiento e informaci\u00f3n para ni\u00f1os, ni\u00f1as, adolescentes, familias y p\u00fablico en general. TRANSMITE: Todos los martes de 02:00 p.m. a 03:00 p.m. Redes Sociales:InstagramInstagram de DonCucho PRODUCCI\u00d3N:\u00a0Nelson Blanco","_links":{"self":[{"href":"https:\/\/radiosensacion.org\/radio\/wp-json\/wp\/v2\/pages\/255","targetHints":{"allow":["GET"]}}],"collection":[{"href":"https:\/\/radiosensacion.org\/radio\/wp-json\/wp\/v2\/pages"}],"about":[{"href":"https:\/\/radiosensacion.org\/radio\/wp-json\/wp\/v2\/types\/page"}],"author":[{"embeddable":true,"href":"https:\/\/radiosensacion.org\/radio\/wp-json\/wp\/v2\/users\/1"}],"replies":[{"embeddable":true,"href":"https:\/\/radiosensacion.org\/radio\/wp-json\/wp\/v2\/comments?post=255"}],"version-history":[{"count":7,"href":"https:\/\/radiosensacion.org\/radio\/wp-json\/wp\/v2\/pages\/255\/revisions"}],"predecessor-version":[{"id":384,"href":"https:\/\/radiosensacion.org\/radio\/wp-json\/wp\/v2\/pages\/255\/revisions\/384"}],"wp:featuredmedia":[{"embeddable":true,"href":"https:\/\/radiosensacion.org\/radio\/wp-json\/wp\/v2\/media\/258"}],"wp:attachment":[{"href":"https:\/\/radiosensacion.org\/radio\/wp-json\/wp\/v2\/media?parent=255"}],"curies":[{"name":"wp","href":"https:\/\/api.w.org\/{rel}","templated":true}]}}