{"id":246,"date":"2024-04-26T15:29:38","date_gmt":"2024-04-26T15:29:38","guid":{"rendered":"https:\/\/radiosensacion.org\/radio\/?page_id=246"},"modified":"2024-04-26T15:31:51","modified_gmt":"2024-04-26T15:31:51","slug":"venezuela-y-espana","status":"publish","type":"page","link":"https:\/\/radiosensacion.org\/radio\/venezuela-y-espana\/","title":{"rendered":"Venezuela y Espa\u00f1a"},"content":{"rendered":"\t\t<div data-elementor-type=\"wp-page\" data-elementor-id=\"246\" class=\"elementor elementor-246\" data-elementor-settings=\"{&quot;ha_cmc_init_switcher&quot;:&quot;no&quot;}\" data-elementor-post-type=\"page\">\n\t\t\t\t\t\t<section class=\"elementor-section elementor-top-section elementor-element elementor-element-6f9bdf7 elementor-section-boxed elementor-section-height-default elementor-section-height-default\" data-id=\"6f9bdf7\" data-element_type=\"section\" data-e-type=\"section\" data-settings=\"{&quot;_ha_eqh_enable&quot;:false}\">\n\t\t\t\t\t\t<div class=\"elementor-container elementor-column-gap-default\">\n\t\t\t\t\t<div class=\"elementor-column elementor-col-50 elementor-top-column elementor-element elementor-element-af34375\" data-id=\"af34375\" data-element_type=\"column\" data-e-type=\"column\">\n\t\t\t<div class=\"elementor-widget-wrap elementor-element-populated\">\n\t\t\t\t\t\t<div class=\"elementor-element elementor-element-f0b5726 elementor-widget elementor-widget-image\" data-id=\"f0b5726\" data-element_type=\"widget\" data-e-type=\"widget\" data-widget_type=\"image.default\">\n\t\t\t\t<div class=\"elementor-widget-container\">\n\t\t\t\t\t\t\t\t\t\t\t\t\t\t\t<img fetchpriority=\"high\" decoding=\"async\" width=\"500\" height=\"500\" src=\"https:\/\/i0.wp.com\/radiosensacion.org\/radio\/wp-content\/uploads\/2024\/04\/Venezuela-y-Espana_bnn.jpg?fit=500%2C500&amp;ssl=1\" class=\"attachment-large size-large wp-image-248\" alt=\"\" srcset=\"https:\/\/i0.wp.com\/radiosensacion.org\/radio\/wp-content\/uploads\/2024\/04\/Venezuela-y-Espana_bnn.jpg?w=500&amp;ssl=1 500w, https:\/\/i0.wp.com\/radiosensacion.org\/radio\/wp-content\/uploads\/2024\/04\/Venezuela-y-Espana_bnn.jpg?resize=300%2C300&amp;ssl=1 300w, https:\/\/i0.wp.com\/radiosensacion.org\/radio\/wp-content\/uploads\/2024\/04\/Venezuela-y-Espana_bnn.jpg?resize=150%2C150&amp;ssl=1 150w\" sizes=\"(max-width: 500px) 100vw, 500px\" \/>\t\t\t\t\t\t\t\t\t\t\t\t\t\t\t<\/div>\n\t\t\t\t<\/div>\n\t\t\t\t\t<\/div>\n\t\t<\/div>\n\t\t\t\t<div class=\"elementor-column elementor-col-50 elementor-top-column elementor-element elementor-element-385c00c\" data-id=\"385c00c\" data-element_type=\"column\" data-e-type=\"column\">\n\t\t\t<div class=\"elementor-widget-wrap elementor-element-populated\">\n\t\t\t\t\t\t<div class=\"elementor-element elementor-element-126cb3b elementor-widget elementor-widget-text-editor\" data-id=\"126cb3b\" data-element_type=\"widget\" data-e-type=\"widget\" data-widget_type=\"text-editor.default\">\n\t\t\t\t<div class=\"elementor-widget-container\">\n\t\t\t\t\t\t\t\t\t<p>Un programa con m\u00fasica amena y variada, historias y personajes de Venezuela y Espa\u00f1a. Sum\u00e9rgete en este emocionante viaje.<\/p><p><strong>TRANSMITE<\/strong>: Todos los jueves de 01:00 p.m. a 03:00 p.m.<\/p><p><strong>PRODUCCI\u00d3N<\/strong>:\u00a0<br \/>Locutor Ender Guerra<\/p>\t\t\t\t\t\t\t\t<\/div>\n\t\t\t\t<\/div>\n\t\t\t\t\t<\/div>\n\t\t<\/div>\n\t\t\t\t\t<\/div>\n\t\t<\/section>\n\t\t\t\t<\/div>\n\t\t","protected":false},"excerpt":{"rendered":"<p>Un programa con m\u00fasica amena y variada, historias y personajes de Venezuela y Espa\u00f1a. Sum\u00e9rgete en este emocionante viaje. TRANSMITE: Todos los jueves de 01:00 p.m. a 03:00 p.m. PRODUCCI\u00d3N:\u00a0Locutor Ender Guerra<\/p>\n","protected":false},"author":1,"featured_media":248,"parent":0,"menu_order":0,"comment_status":"closed","ping_status":"closed","template":"","meta":{"footnotes":""},"class_list":["post-246","page","type-page","status-publish","has-post-thumbnail","hentry"],"jetpack_sharing_enabled":true,"rttpg_featured_image_url":{"full":["https:\/\/i0.wp.com\/radiosensacion.org\/radio\/wp-content\/uploads\/2024\/04\/Venezuela-y-Espana_bnn.jpg?fit=500%2C500&ssl=1",500,500,false],"landscape":["https:\/\/radiosensacion.org\/radio\/wp-content\/uploads\/2024\/04\/Venezuela-y-Espana_bnn.jpg",500,500,false],"portraits":["https:\/\/radiosensacion.org\/radio\/wp-content\/uploads\/2024\/04\/Venezuela-y-Espana_bnn.jpg",500,500,false],"thumbnail":["https:\/\/i0.wp.com\/radiosensacion.org\/radio\/wp-content\/uploads\/2024\/04\/Venezuela-y-Espana_bnn.jpg?resize=150%2C150&ssl=1",150,150,true],"medium":["https:\/\/i0.wp.com\/radiosensacion.org\/radio\/wp-content\/uploads\/2024\/04\/Venezuela-y-Espana_bnn.jpg?fit=300%2C300&ssl=1",300,300,true],"large":["https:\/\/i0.wp.com\/radiosensacion.org\/radio\/wp-content\/uploads\/2024\/04\/Venezuela-y-Espana_bnn.jpg?fit=500%2C500&ssl=1",500,500,true],"1536x1536":["https:\/\/i0.wp.com\/radiosensacion.org\/radio\/wp-content\/uploads\/2024\/04\/Venezuela-y-Espana_bnn.jpg?fit=500%2C500&ssl=1",500,500,true],"2048x2048":["https:\/\/i0.wp.com\/radiosensacion.org\/radio\/wp-content\/uploads\/2024\/04\/Venezuela-y-Espana_bnn.jpg?fit=500%2C500&ssl=1",500,500,true]},"rttpg_author":{"display_name":"admin","author_link":"https:\/\/radiosensacion.org\/radio\/author\/admin\/"},"rttpg_comment":0,"rttpg_category":null,"rttpg_excerpt":"Un programa con m\u00fasica amena y variada, historias y personajes de Venezuela y Espa\u00f1a. Sum\u00e9rgete en este emocionante viaje. TRANSMITE: Todos los jueves de 01:00 p.m. a 03:00 p.m. PRODUCCI\u00d3N:\u00a0Locutor Ender Guerra","_links":{"self":[{"href":"https:\/\/radiosensacion.org\/radio\/wp-json\/wp\/v2\/pages\/246","targetHints":{"allow":["GET"]}}],"collection":[{"href":"https:\/\/radiosensacion.org\/radio\/wp-json\/wp\/v2\/pages"}],"about":[{"href":"https:\/\/radiosensacion.org\/radio\/wp-json\/wp\/v2\/types\/page"}],"author":[{"embeddable":true,"href":"https:\/\/radiosensacion.org\/radio\/wp-json\/wp\/v2\/users\/1"}],"replies":[{"embeddable":true,"href":"https:\/\/radiosensacion.org\/radio\/wp-json\/wp\/v2\/comments?post=246"}],"version-history":[{"count":4,"href":"https:\/\/radiosensacion.org\/radio\/wp-json\/wp\/v2\/pages\/246\/revisions"}],"predecessor-version":[{"id":251,"href":"https:\/\/radiosensacion.org\/radio\/wp-json\/wp\/v2\/pages\/246\/revisions\/251"}],"wp:featuredmedia":[{"embeddable":true,"href":"https:\/\/radiosensacion.org\/radio\/wp-json\/wp\/v2\/media\/248"}],"wp:attachment":[{"href":"https:\/\/radiosensacion.org\/radio\/wp-json\/wp\/v2\/media?parent=246"}],"curies":[{"name":"wp","href":"https:\/\/api.w.org\/{rel}","templated":true}]}}