{"id":240,"date":"2024-04-26T15:24:43","date_gmt":"2024-04-26T15:24:43","guid":{"rendered":"https:\/\/radiosensacion.org\/radio\/?page_id=240"},"modified":"2024-04-26T15:28:53","modified_gmt":"2024-04-26T15:28:53","slug":"secreto-hipico","status":"publish","type":"page","link":"https:\/\/radiosensacion.org\/radio\/secreto-hipico\/","title":{"rendered":"Secreto H\u00edpico"},"content":{"rendered":"\t\t<div data-elementor-type=\"wp-page\" data-elementor-id=\"240\" class=\"elementor elementor-240\" data-elementor-settings=\"{&quot;ha_cmc_init_switcher&quot;:&quot;no&quot;}\" data-elementor-post-type=\"page\">\n\t\t\t\t\t\t<section class=\"elementor-section elementor-top-section elementor-element elementor-element-cdc8b54 elementor-section-boxed elementor-section-height-default elementor-section-height-default\" data-id=\"cdc8b54\" data-element_type=\"section\" data-e-type=\"section\" data-settings=\"{&quot;_ha_eqh_enable&quot;:false}\">\n\t\t\t\t\t\t<div class=\"elementor-container elementor-column-gap-default\">\n\t\t\t\t\t<div class=\"elementor-column elementor-col-50 elementor-top-column elementor-element elementor-element-5bae2e3\" data-id=\"5bae2e3\" data-element_type=\"column\" data-e-type=\"column\">\n\t\t\t<div class=\"elementor-widget-wrap elementor-element-populated\">\n\t\t\t\t\t\t<div class=\"elementor-element elementor-element-7bd34fd elementor-widget elementor-widget-image\" data-id=\"7bd34fd\" data-element_type=\"widget\" data-e-type=\"widget\" data-widget_type=\"image.default\">\n\t\t\t\t<div class=\"elementor-widget-container\">\n\t\t\t\t\t\t\t\t\t\t\t\t\t\t\t<img fetchpriority=\"high\" decoding=\"async\" width=\"800\" height=\"800\" src=\"https:\/\/i0.wp.com\/radiosensacion.org\/radio\/wp-content\/uploads\/2024\/04\/Secreto-Hipico_bnn.jpg?fit=800%2C800&amp;ssl=1\" class=\"attachment-large size-large wp-image-242\" alt=\"\" srcset=\"https:\/\/i0.wp.com\/radiosensacion.org\/radio\/wp-content\/uploads\/2024\/04\/Secreto-Hipico_bnn.jpg?w=835&amp;ssl=1 835w, https:\/\/i0.wp.com\/radiosensacion.org\/radio\/wp-content\/uploads\/2024\/04\/Secreto-Hipico_bnn.jpg?resize=300%2C300&amp;ssl=1 300w, https:\/\/i0.wp.com\/radiosensacion.org\/radio\/wp-content\/uploads\/2024\/04\/Secreto-Hipico_bnn.jpg?resize=150%2C150&amp;ssl=1 150w, https:\/\/i0.wp.com\/radiosensacion.org\/radio\/wp-content\/uploads\/2024\/04\/Secreto-Hipico_bnn.jpg?resize=768%2C768&amp;ssl=1 768w\" sizes=\"(max-width: 800px) 100vw, 800px\" \/>\t\t\t\t\t\t\t\t\t\t\t\t\t\t\t<\/div>\n\t\t\t\t<\/div>\n\t\t\t\t\t<\/div>\n\t\t<\/div>\n\t\t\t\t<div class=\"elementor-column elementor-col-50 elementor-top-column elementor-element elementor-element-483130d\" data-id=\"483130d\" data-element_type=\"column\" data-e-type=\"column\">\n\t\t\t<div class=\"elementor-widget-wrap elementor-element-populated\">\n\t\t\t\t\t\t<div class=\"elementor-element elementor-element-1fb2e45 elementor-widget elementor-widget-text-editor\" data-id=\"1fb2e45\" data-element_type=\"widget\" data-e-type=\"widget\" data-widget_type=\"text-editor.default\">\n\t\t\t\t<div class=\"elementor-widget-container\">\n\t\t\t\t\t\t\t\t\t<p>Disfruta de informaci\u00f3n, comentarios perspicaces y an\u00e1lisis profundos que te ayudar\u00e1n a tomar decisiones acertadas en el mundo h\u00edpico de la mano de Segundo L\u00f3pez.<\/p><p><strong>TRANSMITE<\/strong>: Todos los s\u00e1bados de 10:00 p.m. a 10:30 p.m.<\/p><p><strong>Redes Sociales<\/strong>:<br \/><a href=\"https:\/\/www.instagram.com\/segundolopezhandicapper\" target=\"_blank\" rel=\"noopener\">Instagram<\/a><br \/><a href=\"https:\/\/www.youtube.com\/@secretohipico\/videos\" target=\"_blank\" rel=\"noopener\">Youtube<\/a><\/p><p><strong>WEB<\/strong>: <a href=\"http:\/\/segundolopez.com\" target=\"_blank\" rel=\"noopener\">www.segundolopez.com<\/a><\/p><p><strong>PRODUCCI\u00d3N<\/strong>:\u00a0<br \/>Segundo L\u00f3pez<\/p>\t\t\t\t\t\t\t\t<\/div>\n\t\t\t\t<\/div>\n\t\t\t\t\t<\/div>\n\t\t<\/div>\n\t\t\t\t\t<\/div>\n\t\t<\/section>\n\t\t\t\t<\/div>\n\t\t","protected":false},"excerpt":{"rendered":"<p>Disfruta de informaci\u00f3n, comentarios perspicaces y an\u00e1lisis profundos que te ayudar\u00e1n a tomar decisiones acertadas en el mundo h\u00edpico de la mano de Segundo L\u00f3pez. TRANSMITE: Todos los s\u00e1bados de 10:00 p.m. a 10:30 p.m. Redes Sociales:InstagramYoutube WEB: www.segundolopez.com PRODUCCI\u00d3N:\u00a0Segundo L\u00f3pez<\/p>\n","protected":false},"author":1,"featured_media":242,"parent":0,"menu_order":0,"comment_status":"closed","ping_status":"closed","template":"","meta":{"footnotes":""},"class_list":["post-240","page","type-page","status-publish","has-post-thumbnail","hentry"],"jetpack_sharing_enabled":true,"rttpg_featured_image_url":{"full":["https:\/\/i0.wp.com\/radiosensacion.org\/radio\/wp-content\/uploads\/2024\/04\/Secreto-Hipico_bnn.jpg?fit=835%2C835&ssl=1",835,835,false],"landscape":["https:\/\/radiosensacion.org\/radio\/wp-content\/uploads\/2024\/04\/Secreto-Hipico_bnn.jpg",835,835,false],"portraits":["https:\/\/radiosensacion.org\/radio\/wp-content\/uploads\/2024\/04\/Secreto-Hipico_bnn.jpg",835,835,false],"thumbnail":["https:\/\/i0.wp.com\/radiosensacion.org\/radio\/wp-content\/uploads\/2024\/04\/Secreto-Hipico_bnn.jpg?resize=150%2C150&ssl=1",150,150,true],"medium":["https:\/\/i0.wp.com\/radiosensacion.org\/radio\/wp-content\/uploads\/2024\/04\/Secreto-Hipico_bnn.jpg?fit=300%2C300&ssl=1",300,300,true],"large":["https:\/\/i0.wp.com\/radiosensacion.org\/radio\/wp-content\/uploads\/2024\/04\/Secreto-Hipico_bnn.jpg?fit=800%2C800&ssl=1",800,800,true],"1536x1536":["https:\/\/i0.wp.com\/radiosensacion.org\/radio\/wp-content\/uploads\/2024\/04\/Secreto-Hipico_bnn.jpg?fit=835%2C835&ssl=1",835,835,true],"2048x2048":["https:\/\/i0.wp.com\/radiosensacion.org\/radio\/wp-content\/uploads\/2024\/04\/Secreto-Hipico_bnn.jpg?fit=835%2C835&ssl=1",835,835,true]},"rttpg_author":{"display_name":"admin","author_link":"https:\/\/radiosensacion.org\/radio\/author\/admin\/"},"rttpg_comment":0,"rttpg_category":null,"rttpg_excerpt":"Disfruta de informaci\u00f3n, comentarios perspicaces y an\u00e1lisis profundos que te ayudar\u00e1n a tomar decisiones acertadas en el mundo h\u00edpico de la mano de Segundo L\u00f3pez. TRANSMITE: Todos los s\u00e1bados de 10:00 p.m. a 10:30 p.m. Redes Sociales:InstagramYoutube WEB: www.segundolopez.com PRODUCCI\u00d3N:\u00a0Segundo L\u00f3pez","_links":{"self":[{"href":"https:\/\/radiosensacion.org\/radio\/wp-json\/wp\/v2\/pages\/240","targetHints":{"allow":["GET"]}}],"collection":[{"href":"https:\/\/radiosensacion.org\/radio\/wp-json\/wp\/v2\/pages"}],"about":[{"href":"https:\/\/radiosensacion.org\/radio\/wp-json\/wp\/v2\/types\/page"}],"author":[{"embeddable":true,"href":"https:\/\/radiosensacion.org\/radio\/wp-json\/wp\/v2\/users\/1"}],"replies":[{"embeddable":true,"href":"https:\/\/radiosensacion.org\/radio\/wp-json\/wp\/v2\/comments?post=240"}],"version-history":[{"count":4,"href":"https:\/\/radiosensacion.org\/radio\/wp-json\/wp\/v2\/pages\/240\/revisions"}],"predecessor-version":[{"id":245,"href":"https:\/\/radiosensacion.org\/radio\/wp-json\/wp\/v2\/pages\/240\/revisions\/245"}],"wp:featuredmedia":[{"embeddable":true,"href":"https:\/\/radiosensacion.org\/radio\/wp-json\/wp\/v2\/media\/242"}],"wp:attachment":[{"href":"https:\/\/radiosensacion.org\/radio\/wp-json\/wp\/v2\/media?parent=240"}],"curies":[{"name":"wp","href":"https:\/\/api.w.org\/{rel}","templated":true}]}}