{"id":197,"date":"2024-04-26T15:04:17","date_gmt":"2024-04-26T15:04:17","guid":{"rendered":"https:\/\/radiosensacion.org\/radio\/?page_id=197"},"modified":"2024-04-29T14:52:30","modified_gmt":"2024-04-29T14:52:30","slug":"el-certero-activo","status":"publish","type":"page","link":"https:\/\/radiosensacion.org\/radio\/el-certero-activo\/","title":{"rendered":"El Certero Activo"},"content":{"rendered":"\t\t<div data-elementor-type=\"wp-page\" data-elementor-id=\"197\" class=\"elementor elementor-197\" data-elementor-settings=\"{&quot;ha_cmc_init_switcher&quot;:&quot;no&quot;}\" data-elementor-post-type=\"page\">\n\t\t\t\t\t\t<section class=\"elementor-section elementor-top-section elementor-element elementor-element-fdbfd26 elementor-section-boxed elementor-section-height-default elementor-section-height-default\" data-id=\"fdbfd26\" data-element_type=\"section\" data-e-type=\"section\" data-settings=\"{&quot;_ha_eqh_enable&quot;:false}\">\n\t\t\t\t\t\t<div class=\"elementor-container elementor-column-gap-default\">\n\t\t\t\t\t<div class=\"elementor-column elementor-col-50 elementor-top-column elementor-element elementor-element-092c33a\" data-id=\"092c33a\" data-element_type=\"column\" data-e-type=\"column\">\n\t\t\t<div class=\"elementor-widget-wrap elementor-element-populated\">\n\t\t\t\t\t\t<div class=\"elementor-element elementor-element-2166c9a elementor-widget elementor-widget-image\" data-id=\"2166c9a\" data-element_type=\"widget\" data-e-type=\"widget\" data-widget_type=\"image.default\">\n\t\t\t\t<div class=\"elementor-widget-container\">\n\t\t\t\t\t\t\t\t\t\t\t\t\t\t\t<img fetchpriority=\"high\" decoding=\"async\" width=\"519\" height=\"519\" src=\"https:\/\/i0.wp.com\/radiosensacion.org\/radio\/wp-content\/uploads\/2024\/04\/el_certero_activo_bnn.jpg?fit=519%2C519&amp;ssl=1\" class=\"attachment-large size-large wp-image-203\" alt=\"\" srcset=\"https:\/\/i0.wp.com\/radiosensacion.org\/radio\/wp-content\/uploads\/2024\/04\/el_certero_activo_bnn.jpg?w=519&amp;ssl=1 519w, https:\/\/i0.wp.com\/radiosensacion.org\/radio\/wp-content\/uploads\/2024\/04\/el_certero_activo_bnn.jpg?resize=300%2C300&amp;ssl=1 300w, https:\/\/i0.wp.com\/radiosensacion.org\/radio\/wp-content\/uploads\/2024\/04\/el_certero_activo_bnn.jpg?resize=150%2C150&amp;ssl=1 150w\" sizes=\"(max-width: 519px) 100vw, 519px\" \/>\t\t\t\t\t\t\t\t\t\t\t\t\t\t\t<\/div>\n\t\t\t\t<\/div>\n\t\t\t\t\t<\/div>\n\t\t<\/div>\n\t\t\t\t<div class=\"elementor-column elementor-col-50 elementor-top-column elementor-element elementor-element-9d3c0d6\" data-id=\"9d3c0d6\" data-element_type=\"column\" data-e-type=\"column\">\n\t\t\t<div class=\"elementor-widget-wrap elementor-element-populated\">\n\t\t\t\t\t\t<div class=\"elementor-element elementor-element-d9acd8c elementor-widget elementor-widget-text-editor\" data-id=\"d9acd8c\" data-element_type=\"widget\" data-e-type=\"widget\" data-widget_type=\"text-editor.default\">\n\t\t\t\t<div class=\"elementor-widget-container\">\n\t\t\t\t\t\t\t\t\t<p>Los datos del certero Franklin Herrera y sus invitados. Programa de orientaci\u00f3n numerol\u00f3gica, tendencias, secuencias num\u00e9ricas y proyecciones para las diferentes loter\u00edas.<\/p><p><strong>TRANSMITE<\/strong>: lunes a viernes de 06:00 a.m. a 07:00 a.m.<\/p><p><strong>Redes Sociales<\/strong>:<br \/><a href=\"https:\/\/www.instagram.com\/loto.activo5\" target=\"_blank\" rel=\"noopener\">Instagram<\/a><br \/><a href=\"https:\/\/www.youtube.com\/@datoslottoactivocertero\/videos\" target=\"_blank\" rel=\"noopener\">Youtube<\/a><\/p><p><strong>WEB<\/strong>: <a href=\"https:\/\/www.elcerteroactivo.com\" target=\"_blank\" rel=\"noopener\">www.elcerteroactivo.com<\/a>\u00a0<\/p>\t\t\t\t\t\t\t\t<\/div>\n\t\t\t\t<\/div>\n\t\t\t\t\t<\/div>\n\t\t<\/div>\n\t\t\t\t\t<\/div>\n\t\t<\/section>\n\t\t\t\t<\/div>\n\t\t","protected":false},"excerpt":{"rendered":"<p>Los datos del certero Franklin Herrera y sus invitados. Programa de orientaci\u00f3n numerol\u00f3gica, tendencias, secuencias num\u00e9ricas y proyecciones para las diferentes loter\u00edas. TRANSMITE: lunes a viernes de 06:00 a.m. a 07:00 a.m. Redes Sociales:InstagramYoutube WEB: www.elcerteroactivo.com\u00a0<\/p>\n","protected":false},"author":1,"featured_media":203,"parent":0,"menu_order":0,"comment_status":"closed","ping_status":"closed","template":"","meta":{"footnotes":""},"class_list":["post-197","page","type-page","status-publish","has-post-thumbnail","hentry"],"jetpack_sharing_enabled":true,"rttpg_featured_image_url":{"full":["https:\/\/i0.wp.com\/radiosensacion.org\/radio\/wp-content\/uploads\/2024\/04\/el_certero_activo_bnn.jpg?fit=519%2C519&ssl=1",519,519,false],"landscape":["https:\/\/radiosensacion.org\/radio\/wp-content\/uploads\/2024\/04\/el_certero_activo_bnn.jpg",519,519,false],"portraits":["https:\/\/radiosensacion.org\/radio\/wp-content\/uploads\/2024\/04\/el_certero_activo_bnn.jpg",519,519,false],"thumbnail":["https:\/\/i0.wp.com\/radiosensacion.org\/radio\/wp-content\/uploads\/2024\/04\/el_certero_activo_bnn.jpg?resize=150%2C150&ssl=1",150,150,true],"medium":["https:\/\/i0.wp.com\/radiosensacion.org\/radio\/wp-content\/uploads\/2024\/04\/el_certero_activo_bnn.jpg?fit=300%2C300&ssl=1",300,300,true],"large":["https:\/\/i0.wp.com\/radiosensacion.org\/radio\/wp-content\/uploads\/2024\/04\/el_certero_activo_bnn.jpg?fit=519%2C519&ssl=1",519,519,true],"1536x1536":["https:\/\/i0.wp.com\/radiosensacion.org\/radio\/wp-content\/uploads\/2024\/04\/el_certero_activo_bnn.jpg?fit=519%2C519&ssl=1",519,519,true],"2048x2048":["https:\/\/i0.wp.com\/radiosensacion.org\/radio\/wp-content\/uploads\/2024\/04\/el_certero_activo_bnn.jpg?fit=519%2C519&ssl=1",519,519,true]},"rttpg_author":{"display_name":"admin","author_link":"https:\/\/radiosensacion.org\/radio\/author\/admin\/"},"rttpg_comment":0,"rttpg_category":null,"rttpg_excerpt":"Los datos del certero Franklin Herrera y sus invitados. Programa de orientaci\u00f3n numerol\u00f3gica, tendencias, secuencias num\u00e9ricas y proyecciones para las diferentes loter\u00edas. TRANSMITE: lunes a viernes de 06:00 a.m. a 07:00 a.m. Redes Sociales:InstagramYoutube WEB: www.elcerteroactivo.com\u00a0","_links":{"self":[{"href":"https:\/\/radiosensacion.org\/radio\/wp-json\/wp\/v2\/pages\/197","targetHints":{"allow":["GET"]}}],"collection":[{"href":"https:\/\/radiosensacion.org\/radio\/wp-json\/wp\/v2\/pages"}],"about":[{"href":"https:\/\/radiosensacion.org\/radio\/wp-json\/wp\/v2\/types\/page"}],"author":[{"embeddable":true,"href":"https:\/\/radiosensacion.org\/radio\/wp-json\/wp\/v2\/users\/1"}],"replies":[{"embeddable":true,"href":"https:\/\/radiosensacion.org\/radio\/wp-json\/wp\/v2\/comments?post=197"}],"version-history":[{"count":10,"href":"https:\/\/radiosensacion.org\/radio\/wp-json\/wp\/v2\/pages\/197\/revisions"}],"predecessor-version":[{"id":300,"href":"https:\/\/radiosensacion.org\/radio\/wp-json\/wp\/v2\/pages\/197\/revisions\/300"}],"wp:featuredmedia":[{"embeddable":true,"href":"https:\/\/radiosensacion.org\/radio\/wp-json\/wp\/v2\/media\/203"}],"wp:attachment":[{"href":"https:\/\/radiosensacion.org\/radio\/wp-json\/wp\/v2\/media?parent=197"}],"curies":[{"name":"wp","href":"https:\/\/api.w.org\/{rel}","templated":true}]}}