{"id":190,"date":"2024-04-26T14:57:20","date_gmt":"2024-04-26T14:57:20","guid":{"rendered":"https:\/\/radiosensacion.org\/radio\/?page_id=190"},"modified":"2024-04-26T15:03:15","modified_gmt":"2024-04-26T15:03:15","slug":"entre-sones-y-salsa","status":"publish","type":"page","link":"https:\/\/radiosensacion.org\/radio\/entre-sones-y-salsa\/","title":{"rendered":"Entre Sones y Salsa"},"content":{"rendered":"\t\t<div data-elementor-type=\"wp-page\" data-elementor-id=\"190\" class=\"elementor elementor-190\" data-elementor-settings=\"{&quot;ha_cmc_init_switcher&quot;:&quot;no&quot;}\" data-elementor-post-type=\"page\">\n\t\t\t\t\t\t<section class=\"elementor-section elementor-top-section elementor-element elementor-element-01e4817 elementor-section-boxed elementor-section-height-default elementor-section-height-default\" data-id=\"01e4817\" data-element_type=\"section\" data-e-type=\"section\" data-settings=\"{&quot;_ha_eqh_enable&quot;:false}\">\n\t\t\t\t\t\t<div class=\"elementor-container elementor-column-gap-default\">\n\t\t\t\t\t<div class=\"elementor-column elementor-col-50 elementor-top-column elementor-element elementor-element-59f59b4\" data-id=\"59f59b4\" data-element_type=\"column\" data-e-type=\"column\">\n\t\t\t<div class=\"elementor-widget-wrap elementor-element-populated\">\n\t\t\t\t\t\t<div class=\"elementor-element elementor-element-4529c23 elementor-widget elementor-widget-image\" data-id=\"4529c23\" data-element_type=\"widget\" data-e-type=\"widget\" data-widget_type=\"image.default\">\n\t\t\t\t<div class=\"elementor-widget-container\">\n\t\t\t\t\t\t\t\t\t\t\t\t\t\t\t<img fetchpriority=\"high\" decoding=\"async\" width=\"800\" height=\"800\" src=\"https:\/\/i0.wp.com\/radiosensacion.org\/radio\/wp-content\/uploads\/2024\/04\/entre_sones_y_salsa_bnn2.jpg?fit=800%2C800&amp;ssl=1\" class=\"attachment-large size-large wp-image-198\" alt=\"\" srcset=\"https:\/\/i0.wp.com\/radiosensacion.org\/radio\/wp-content\/uploads\/2024\/04\/entre_sones_y_salsa_bnn2.jpg?w=837&amp;ssl=1 837w, https:\/\/i0.wp.com\/radiosensacion.org\/radio\/wp-content\/uploads\/2024\/04\/entre_sones_y_salsa_bnn2.jpg?resize=300%2C300&amp;ssl=1 300w, https:\/\/i0.wp.com\/radiosensacion.org\/radio\/wp-content\/uploads\/2024\/04\/entre_sones_y_salsa_bnn2.jpg?resize=150%2C150&amp;ssl=1 150w, https:\/\/i0.wp.com\/radiosensacion.org\/radio\/wp-content\/uploads\/2024\/04\/entre_sones_y_salsa_bnn2.jpg?resize=768%2C768&amp;ssl=1 768w\" sizes=\"(max-width: 800px) 100vw, 800px\" \/>\t\t\t\t\t\t\t\t\t\t\t\t\t\t\t<\/div>\n\t\t\t\t<\/div>\n\t\t\t\t\t<\/div>\n\t\t<\/div>\n\t\t\t\t<div class=\"elementor-column elementor-col-50 elementor-top-column elementor-element elementor-element-bdf47f4\" data-id=\"bdf47f4\" data-element_type=\"column\" data-e-type=\"column\">\n\t\t\t<div class=\"elementor-widget-wrap elementor-element-populated\">\n\t\t\t\t\t\t<div class=\"elementor-element elementor-element-89941ce elementor-widget elementor-widget-text-editor\" data-id=\"89941ce\" data-element_type=\"widget\" data-e-type=\"widget\" data-widget_type=\"text-editor.default\">\n\t\t\t\t<div class=\"elementor-widget-container\">\n\t\t\t\t\t\t\t\t\t<p>Un espacio con la mejor selecci\u00f3n de nuestros ritmos caribe\u00f1os, acompa\u00f1ada de comentarios, concursos, entrevistas y los m\u00e1s importante, la participaci\u00f3n de la audiencia.<\/p><p><strong>TRANSMITE<\/strong>: Domingos de 11:00 a.am. a 01:00 p.m.<\/p><p><strong>Redes Sociales<\/strong>:<br \/><a href=\"https:\/\/www.instagram.com\/entresonesysalsa\/\" target=\"_blank\" rel=\"noopener\">Instagram<\/a><\/p><p><strong>PRODUCCI\u00d3N<\/strong>: Locutor Oswaldo Hern\u00e1ndez<\/p>\t\t\t\t\t\t\t\t<\/div>\n\t\t\t\t<\/div>\n\t\t\t\t\t<\/div>\n\t\t<\/div>\n\t\t\t\t\t<\/div>\n\t\t<\/section>\n\t\t\t\t<\/div>\n\t\t","protected":false},"excerpt":{"rendered":"<p>Un espacio con la mejor selecci\u00f3n de nuestros ritmos caribe\u00f1os, acompa\u00f1ada de comentarios, concursos, entrevistas y los m\u00e1s importante, la participaci\u00f3n de la audiencia. TRANSMITE: Domingos de 11:00 a.am. a 01:00 p.m. Redes Sociales:Instagram PRODUCCI\u00d3N: Locutor Oswaldo Hern\u00e1ndez<\/p>\n","protected":false},"author":1,"featured_media":198,"parent":0,"menu_order":0,"comment_status":"closed","ping_status":"closed","template":"","meta":{"footnotes":""},"class_list":["post-190","page","type-page","status-publish","has-post-thumbnail","hentry"],"jetpack_sharing_enabled":true,"rttpg_featured_image_url":{"full":["https:\/\/i0.wp.com\/radiosensacion.org\/radio\/wp-content\/uploads\/2024\/04\/entre_sones_y_salsa_bnn2.jpg?fit=837%2C837&ssl=1",837,837,false],"landscape":["https:\/\/radiosensacion.org\/radio\/wp-content\/uploads\/2024\/04\/entre_sones_y_salsa_bnn2.jpg",837,837,false],"portraits":["https:\/\/radiosensacion.org\/radio\/wp-content\/uploads\/2024\/04\/entre_sones_y_salsa_bnn2.jpg",837,837,false],"thumbnail":["https:\/\/i0.wp.com\/radiosensacion.org\/radio\/wp-content\/uploads\/2024\/04\/entre_sones_y_salsa_bnn2.jpg?resize=150%2C150&ssl=1",150,150,true],"medium":["https:\/\/i0.wp.com\/radiosensacion.org\/radio\/wp-content\/uploads\/2024\/04\/entre_sones_y_salsa_bnn2.jpg?fit=300%2C300&ssl=1",300,300,true],"large":["https:\/\/i0.wp.com\/radiosensacion.org\/radio\/wp-content\/uploads\/2024\/04\/entre_sones_y_salsa_bnn2.jpg?fit=800%2C800&ssl=1",800,800,true],"1536x1536":["https:\/\/i0.wp.com\/radiosensacion.org\/radio\/wp-content\/uploads\/2024\/04\/entre_sones_y_salsa_bnn2.jpg?fit=837%2C837&ssl=1",837,837,true],"2048x2048":["https:\/\/i0.wp.com\/radiosensacion.org\/radio\/wp-content\/uploads\/2024\/04\/entre_sones_y_salsa_bnn2.jpg?fit=837%2C837&ssl=1",837,837,true]},"rttpg_author":{"display_name":"admin","author_link":"https:\/\/radiosensacion.org\/radio\/author\/admin\/"},"rttpg_comment":0,"rttpg_category":null,"rttpg_excerpt":"Un espacio con la mejor selecci\u00f3n de nuestros ritmos caribe\u00f1os, acompa\u00f1ada de comentarios, concursos, entrevistas y los m\u00e1s importante, la participaci\u00f3n de la audiencia. TRANSMITE: Domingos de 11:00 a.am. a 01:00 p.m. Redes Sociales:Instagram PRODUCCI\u00d3N: Locutor Oswaldo Hern\u00e1ndez","_links":{"self":[{"href":"https:\/\/radiosensacion.org\/radio\/wp-json\/wp\/v2\/pages\/190","targetHints":{"allow":["GET"]}}],"collection":[{"href":"https:\/\/radiosensacion.org\/radio\/wp-json\/wp\/v2\/pages"}],"about":[{"href":"https:\/\/radiosensacion.org\/radio\/wp-json\/wp\/v2\/types\/page"}],"author":[{"embeddable":true,"href":"https:\/\/radiosensacion.org\/radio\/wp-json\/wp\/v2\/users\/1"}],"replies":[{"embeddable":true,"href":"https:\/\/radiosensacion.org\/radio\/wp-json\/wp\/v2\/comments?post=190"}],"version-history":[{"count":7,"href":"https:\/\/radiosensacion.org\/radio\/wp-json\/wp\/v2\/pages\/190\/revisions"}],"predecessor-version":[{"id":201,"href":"https:\/\/radiosensacion.org\/radio\/wp-json\/wp\/v2\/pages\/190\/revisions\/201"}],"wp:featuredmedia":[{"embeddable":true,"href":"https:\/\/radiosensacion.org\/radio\/wp-json\/wp\/v2\/media\/198"}],"wp:attachment":[{"href":"https:\/\/radiosensacion.org\/radio\/wp-json\/wp\/v2\/media?parent=190"}],"curies":[{"name":"wp","href":"https:\/\/api.w.org\/{rel}","templated":true}]}}