{"id":180,"date":"2024-04-26T14:53:19","date_gmt":"2024-04-26T14:53:19","guid":{"rendered":"https:\/\/radiosensacion.org\/radio\/?page_id=180"},"modified":"2024-05-01T08:55:47","modified_gmt":"2024-05-01T12:55:47","slug":"ponte-al-dia","status":"publish","type":"page","link":"https:\/\/radiosensacion.org\/radio\/ponte-al-dia\/","title":{"rendered":"Ponte al D\u00eda"},"content":{"rendered":"\t\t<div data-elementor-type=\"wp-page\" data-elementor-id=\"180\" class=\"elementor elementor-180\" data-elementor-settings=\"{&quot;ha_cmc_init_switcher&quot;:&quot;no&quot;}\" data-elementor-post-type=\"page\">\n\t\t\t\t\t\t<section class=\"elementor-section elementor-top-section elementor-element elementor-element-7e3c3c7 elementor-section-boxed elementor-section-height-default elementor-section-height-default\" data-id=\"7e3c3c7\" data-element_type=\"section\" data-e-type=\"section\" data-settings=\"{&quot;_ha_eqh_enable&quot;:false}\">\n\t\t\t\t\t\t<div class=\"elementor-container elementor-column-gap-default\">\n\t\t\t\t\t<div class=\"elementor-column elementor-col-50 elementor-top-column elementor-element elementor-element-f5faee4\" data-id=\"f5faee4\" data-element_type=\"column\" data-e-type=\"column\">\n\t\t\t<div class=\"elementor-widget-wrap elementor-element-populated\">\n\t\t\t\t\t\t<div class=\"elementor-element elementor-element-bc2ea26 elementor-widget elementor-widget-image\" data-id=\"bc2ea26\" data-element_type=\"widget\" data-e-type=\"widget\" data-widget_type=\"image.default\">\n\t\t\t\t<div class=\"elementor-widget-container\">\n\t\t\t\t\t\t\t\t\t\t\t\t\t\t\t<img fetchpriority=\"high\" decoding=\"async\" width=\"755\" height=\"756\" src=\"https:\/\/i0.wp.com\/radiosensacion.org\/radio\/wp-content\/uploads\/2024\/05\/ponte_al_dia_bnn2.jpg?fit=755%2C756&amp;ssl=1\" class=\"attachment-large size-large wp-image-385\" alt=\"\" srcset=\"https:\/\/i0.wp.com\/radiosensacion.org\/radio\/wp-content\/uploads\/2024\/05\/ponte_al_dia_bnn2.jpg?w=755&amp;ssl=1 755w, https:\/\/i0.wp.com\/radiosensacion.org\/radio\/wp-content\/uploads\/2024\/05\/ponte_al_dia_bnn2.jpg?resize=300%2C300&amp;ssl=1 300w, https:\/\/i0.wp.com\/radiosensacion.org\/radio\/wp-content\/uploads\/2024\/05\/ponte_al_dia_bnn2.jpg?resize=150%2C150&amp;ssl=1 150w\" sizes=\"(max-width: 755px) 100vw, 755px\" \/>\t\t\t\t\t\t\t\t\t\t\t\t\t\t\t<\/div>\n\t\t\t\t<\/div>\n\t\t\t\t\t<\/div>\n\t\t<\/div>\n\t\t\t\t<div class=\"elementor-column elementor-col-50 elementor-top-column elementor-element elementor-element-586b702\" data-id=\"586b702\" data-element_type=\"column\" data-e-type=\"column\">\n\t\t\t<div class=\"elementor-widget-wrap elementor-element-populated\">\n\t\t\t\t\t\t<div class=\"elementor-element elementor-element-709b7d2 elementor-widget elementor-widget-text-editor\" data-id=\"709b7d2\" data-element_type=\"widget\" data-e-type=\"widget\" data-widget_type=\"text-editor.default\">\n\t\t\t\t<div class=\"elementor-widget-container\">\n\t\t\t\t\t\t\t\t\t<p style=\"margin-bottom: 0cm;\"><span lang=\"ES-US\" style=\"font-family: 'Arial',sans-serif;\">Llevamos a los oyentes la informaci\u00f3n de inter\u00e9s del momento publicada en los principales portales de Venezuela y el mundo, acompa\u00f1ada con entretenimiento y m\u00fasica variada.<\/span><\/p><p>\u00a0<\/p><p style=\"margin-bottom: 0cm;\"><strong>TRANSMITE<\/strong>:\u00a0<span style=\"font-family: Arial, sans-serif; font-size: 12pt; font-weight: var( --e-global-typography-text-font-weight );\">lunes a viernes 08:00 a.m. a 09:00 a.m.<\/span><\/p><p>\u00a0<\/p><p><strong>PRODUCCI\u00d3N<\/strong>:\u00a0 Locutor Oswaldo Hern\u00e1ndez<\/p>\t\t\t\t\t\t\t\t<\/div>\n\t\t\t\t<\/div>\n\t\t\t\t\t<\/div>\n\t\t<\/div>\n\t\t\t\t\t<\/div>\n\t\t<\/section>\n\t\t\t\t<\/div>\n\t\t","protected":false},"excerpt":{"rendered":"<p>Llevamos a los oyentes la informaci\u00f3n de inter\u00e9s del momento publicada en los principales portales de Venezuela y el mundo, acompa\u00f1ada con entretenimiento y m\u00fasica variada. \u00a0 TRANSMITE:\u00a0lunes a viernes 08:00 a.m. a 09:00 a.m. \u00a0 PRODUCCI\u00d3N:\u00a0 Locutor Oswaldo Hern\u00e1ndez<\/p>\n","protected":false},"author":1,"featured_media":183,"parent":0,"menu_order":0,"comment_status":"closed","ping_status":"closed","template":"","meta":{"footnotes":""},"class_list":["post-180","page","type-page","status-publish","has-post-thumbnail","hentry"],"jetpack_sharing_enabled":true,"rttpg_featured_image_url":{"full":["https:\/\/i0.wp.com\/radiosensacion.org\/radio\/wp-content\/uploads\/2024\/04\/ponte_al_dia_bnn.jpg?fit=710%2C693&ssl=1",710,693,false],"landscape":["https:\/\/radiosensacion.org\/radio\/wp-content\/uploads\/2024\/04\/ponte_al_dia_bnn.jpg",710,693,false],"portraits":["https:\/\/radiosensacion.org\/radio\/wp-content\/uploads\/2024\/04\/ponte_al_dia_bnn.jpg",710,693,false],"thumbnail":["https:\/\/i0.wp.com\/radiosensacion.org\/radio\/wp-content\/uploads\/2024\/04\/ponte_al_dia_bnn.jpg?resize=150%2C150&ssl=1",150,150,true],"medium":["https:\/\/i0.wp.com\/radiosensacion.org\/radio\/wp-content\/uploads\/2024\/04\/ponte_al_dia_bnn.jpg?fit=300%2C293&ssl=1",300,293,true],"large":["https:\/\/i0.wp.com\/radiosensacion.org\/radio\/wp-content\/uploads\/2024\/04\/ponte_al_dia_bnn.jpg?fit=710%2C693&ssl=1",710,693,true],"1536x1536":["https:\/\/i0.wp.com\/radiosensacion.org\/radio\/wp-content\/uploads\/2024\/04\/ponte_al_dia_bnn.jpg?fit=710%2C693&ssl=1",710,693,true],"2048x2048":["https:\/\/i0.wp.com\/radiosensacion.org\/radio\/wp-content\/uploads\/2024\/04\/ponte_al_dia_bnn.jpg?fit=710%2C693&ssl=1",710,693,true]},"rttpg_author":{"display_name":"admin","author_link":"https:\/\/radiosensacion.org\/radio\/author\/admin\/"},"rttpg_comment":0,"rttpg_category":null,"rttpg_excerpt":"Llevamos a los oyentes la informaci\u00f3n de inter\u00e9s del momento publicada en los principales portales de Venezuela y el mundo, acompa\u00f1ada con entretenimiento y m\u00fasica variada. \u00a0 TRANSMITE:\u00a0lunes a viernes 08:00 a.m. a 09:00 a.m. \u00a0 PRODUCCI\u00d3N:\u00a0 Locutor Oswaldo Hern\u00e1ndez","_links":{"self":[{"href":"https:\/\/radiosensacion.org\/radio\/wp-json\/wp\/v2\/pages\/180","targetHints":{"allow":["GET"]}}],"collection":[{"href":"https:\/\/radiosensacion.org\/radio\/wp-json\/wp\/v2\/pages"}],"about":[{"href":"https:\/\/radiosensacion.org\/radio\/wp-json\/wp\/v2\/types\/page"}],"author":[{"embeddable":true,"href":"https:\/\/radiosensacion.org\/radio\/wp-json\/wp\/v2\/users\/1"}],"replies":[{"embeddable":true,"href":"https:\/\/radiosensacion.org\/radio\/wp-json\/wp\/v2\/comments?post=180"}],"version-history":[{"count":7,"href":"https:\/\/radiosensacion.org\/radio\/wp-json\/wp\/v2\/pages\/180\/revisions"}],"predecessor-version":[{"id":394,"href":"https:\/\/radiosensacion.org\/radio\/wp-json\/wp\/v2\/pages\/180\/revisions\/394"}],"wp:featuredmedia":[{"embeddable":true,"href":"https:\/\/radiosensacion.org\/radio\/wp-json\/wp\/v2\/media\/183"}],"wp:attachment":[{"href":"https:\/\/radiosensacion.org\/radio\/wp-json\/wp\/v2\/media?parent=180"}],"curies":[{"name":"wp","href":"https:\/\/api.w.org\/{rel}","templated":true}]}}