{"id":174,"date":"2024-04-26T14:49:28","date_gmt":"2024-04-26T14:49:28","guid":{"rendered":"https:\/\/radiosensacion.org\/radio\/?page_id=174"},"modified":"2024-04-26T14:52:28","modified_gmt":"2024-04-26T14:52:28","slug":"merienda-informativa","status":"publish","type":"page","link":"https:\/\/radiosensacion.org\/radio\/merienda-informativa\/","title":{"rendered":"Merienda Informativa"},"content":{"rendered":"\t\t<div data-elementor-type=\"wp-page\" data-elementor-id=\"174\" class=\"elementor elementor-174\" data-elementor-settings=\"{&quot;ha_cmc_init_switcher&quot;:&quot;no&quot;}\" data-elementor-post-type=\"page\">\n\t\t\t\t\t\t<section class=\"elementor-section elementor-top-section elementor-element elementor-element-8681e7c elementor-section-boxed elementor-section-height-default elementor-section-height-default\" data-id=\"8681e7c\" data-element_type=\"section\" data-e-type=\"section\" data-settings=\"{&quot;_ha_eqh_enable&quot;:false}\">\n\t\t\t\t\t\t<div class=\"elementor-container elementor-column-gap-default\">\n\t\t\t\t\t<div class=\"elementor-column elementor-col-50 elementor-top-column elementor-element elementor-element-6bdcf7b\" data-id=\"6bdcf7b\" data-element_type=\"column\" data-e-type=\"column\">\n\t\t\t<div class=\"elementor-widget-wrap elementor-element-populated\">\n\t\t\t\t\t\t<div class=\"elementor-element elementor-element-5c8efb6 elementor-widget elementor-widget-image\" data-id=\"5c8efb6\" data-element_type=\"widget\" data-e-type=\"widget\" data-widget_type=\"image.default\">\n\t\t\t\t<div class=\"elementor-widget-container\">\n\t\t\t\t\t\t\t\t\t\t\t\t\t\t\t<img fetchpriority=\"high\" decoding=\"async\" width=\"693\" height=\"690\" src=\"https:\/\/i0.wp.com\/radiosensacion.org\/radio\/wp-content\/uploads\/2024\/04\/Merienda_Informativa_bnn.jpg?fit=693%2C690&amp;ssl=1\" class=\"attachment-large size-large wp-image-176\" alt=\"\" srcset=\"https:\/\/i0.wp.com\/radiosensacion.org\/radio\/wp-content\/uploads\/2024\/04\/Merienda_Informativa_bnn.jpg?w=693&amp;ssl=1 693w, https:\/\/i0.wp.com\/radiosensacion.org\/radio\/wp-content\/uploads\/2024\/04\/Merienda_Informativa_bnn.jpg?resize=300%2C300&amp;ssl=1 300w, https:\/\/i0.wp.com\/radiosensacion.org\/radio\/wp-content\/uploads\/2024\/04\/Merienda_Informativa_bnn.jpg?resize=150%2C150&amp;ssl=1 150w\" sizes=\"(max-width: 693px) 100vw, 693px\" \/>\t\t\t\t\t\t\t\t\t\t\t\t\t\t\t<\/div>\n\t\t\t\t<\/div>\n\t\t\t\t\t<\/div>\n\t\t<\/div>\n\t\t\t\t<div class=\"elementor-column elementor-col-50 elementor-top-column elementor-element elementor-element-15f13a4\" data-id=\"15f13a4\" data-element_type=\"column\" data-e-type=\"column\">\n\t\t\t<div class=\"elementor-widget-wrap elementor-element-populated\">\n\t\t\t\t\t\t<div class=\"elementor-element elementor-element-e98a954 elementor-widget elementor-widget-text-editor\" data-id=\"e98a954\" data-element_type=\"widget\" data-e-type=\"widget\" data-widget_type=\"text-editor.default\">\n\t\t\t\t<div class=\"elementor-widget-container\">\n\t\t\t\t\t\t\t\t\t<p style=\"margin-bottom: 0cm;\"><span lang=\"ES-US\" style=\"font-family:&quot;Arial&quot;,sans-serif\">Es un&nbsp;espacio para acompa\u00f1ar a los oyentes con las informaciones ligeras de inter\u00e9s<br>del d\u00eda, buena m\u00fasica variada y la participaci\u00f3n de la audiencia.<o:p><\/o:p><\/span><\/p>\n<p><strong><br><\/strong><\/p>\n<p><strong>TRANSMITE<\/strong>:&nbsp;<span style=\"font-family: Arial, sans-serif; font-size: 12pt; font-weight: var( --e-global-typography-text-font-weight );\">lunes a viernes de 03:00 p.m. a 04:00 p.m.<\/span><\/p>\n<p><strong style=\"font-family: var( --e-global-typography-text-font-family ), Sans-serif; font-size: 1rem;\">PRODUCCI\u00d3N<\/strong><span style=\"font-family: var( --e-global-typography-text-font-family ), Sans-serif; font-weight: var( --e-global-typography-text-font-weight ); font-size: 1rem;\">:&nbsp;<\/span><span style=\"font-family: var( --e-global-typography-text-font-family ), Sans-serif; font-size: 1rem;\"><span lang=\"ES-US\" style=\"font-family: Arial, sans-serif;\">Locutor\nOswaldo Hern\u00e1ndez<\/span><\/span><\/p><p style=\"margin-bottom: 0cm;\"><b><span lang=\"ES-US\" style=\"font-family:&quot;Arial&quot;,sans-serif\"><o:p><\/o:p><\/span><\/b><\/p>\t\t\t\t\t\t\t\t<\/div>\n\t\t\t\t<\/div>\n\t\t\t\t\t<\/div>\n\t\t<\/div>\n\t\t\t\t\t<\/div>\n\t\t<\/section>\n\t\t\t\t<\/div>\n\t\t","protected":false},"excerpt":{"rendered":"<p>Es un&nbsp;espacio para acompa\u00f1ar a los oyentes con las informaciones ligeras de inter\u00e9sdel d\u00eda, buena m\u00fasica variada y la participaci\u00f3n de la audiencia. TRANSMITE:&nbsp;lunes a viernes de 03:00 p.m. a 04:00 p.m. PRODUCCI\u00d3N:&nbsp;Locutor Oswaldo Hern\u00e1ndez<\/p>\n","protected":false},"author":1,"featured_media":176,"parent":0,"menu_order":0,"comment_status":"closed","ping_status":"closed","template":"","meta":{"footnotes":""},"class_list":["post-174","page","type-page","status-publish","has-post-thumbnail","hentry"],"jetpack_sharing_enabled":true,"rttpg_featured_image_url":{"full":["https:\/\/i0.wp.com\/radiosensacion.org\/radio\/wp-content\/uploads\/2024\/04\/Merienda_Informativa_bnn.jpg?fit=693%2C690&ssl=1",693,690,false],"landscape":["https:\/\/radiosensacion.org\/radio\/wp-content\/uploads\/2024\/04\/Merienda_Informativa_bnn.jpg",693,690,false],"portraits":["https:\/\/radiosensacion.org\/radio\/wp-content\/uploads\/2024\/04\/Merienda_Informativa_bnn.jpg",693,690,false],"thumbnail":["https:\/\/i0.wp.com\/radiosensacion.org\/radio\/wp-content\/uploads\/2024\/04\/Merienda_Informativa_bnn.jpg?resize=150%2C150&ssl=1",150,150,true],"medium":["https:\/\/i0.wp.com\/radiosensacion.org\/radio\/wp-content\/uploads\/2024\/04\/Merienda_Informativa_bnn.jpg?fit=300%2C300&ssl=1",300,300,true],"large":["https:\/\/i0.wp.com\/radiosensacion.org\/radio\/wp-content\/uploads\/2024\/04\/Merienda_Informativa_bnn.jpg?fit=693%2C690&ssl=1",693,690,true],"1536x1536":["https:\/\/i0.wp.com\/radiosensacion.org\/radio\/wp-content\/uploads\/2024\/04\/Merienda_Informativa_bnn.jpg?fit=693%2C690&ssl=1",693,690,true],"2048x2048":["https:\/\/i0.wp.com\/radiosensacion.org\/radio\/wp-content\/uploads\/2024\/04\/Merienda_Informativa_bnn.jpg?fit=693%2C690&ssl=1",693,690,true]},"rttpg_author":{"display_name":"admin","author_link":"https:\/\/radiosensacion.org\/radio\/author\/admin\/"},"rttpg_comment":0,"rttpg_category":null,"rttpg_excerpt":"Es un&nbsp;espacio para acompa\u00f1ar a los oyentes con las informaciones ligeras de inter\u00e9sdel d\u00eda, buena m\u00fasica variada y la participaci\u00f3n de la audiencia. TRANSMITE:&nbsp;lunes a viernes de 03:00 p.m. a 04:00 p.m. PRODUCCI\u00d3N:&nbsp;Locutor Oswaldo Hern\u00e1ndez","_links":{"self":[{"href":"https:\/\/radiosensacion.org\/radio\/wp-json\/wp\/v2\/pages\/174","targetHints":{"allow":["GET"]}}],"collection":[{"href":"https:\/\/radiosensacion.org\/radio\/wp-json\/wp\/v2\/pages"}],"about":[{"href":"https:\/\/radiosensacion.org\/radio\/wp-json\/wp\/v2\/types\/page"}],"author":[{"embeddable":true,"href":"https:\/\/radiosensacion.org\/radio\/wp-json\/wp\/v2\/users\/1"}],"replies":[{"embeddable":true,"href":"https:\/\/radiosensacion.org\/radio\/wp-json\/wp\/v2\/comments?post=174"}],"version-history":[{"count":4,"href":"https:\/\/radiosensacion.org\/radio\/wp-json\/wp\/v2\/pages\/174\/revisions"}],"predecessor-version":[{"id":179,"href":"https:\/\/radiosensacion.org\/radio\/wp-json\/wp\/v2\/pages\/174\/revisions\/179"}],"wp:featuredmedia":[{"embeddable":true,"href":"https:\/\/radiosensacion.org\/radio\/wp-json\/wp\/v2\/media\/176"}],"wp:attachment":[{"href":"https:\/\/radiosensacion.org\/radio\/wp-json\/wp\/v2\/media?parent=174"}],"curies":[{"name":"wp","href":"https:\/\/api.w.org\/{rel}","templated":true}]}}