{"id":104,"date":"2024-04-25T21:05:34","date_gmt":"2024-04-25T21:05:34","guid":{"rendered":"https:\/\/radiosensacion.org\/radio\/?page_id=104"},"modified":"2025-07-30T08:06:51","modified_gmt":"2025-07-30T12:06:51","slug":"publicidad","status":"publish","type":"page","link":"https:\/\/radiosensacion.org\/radio\/publicidad\/","title":{"rendered":"Publicidad"},"content":{"rendered":"\t\t<div data-elementor-type=\"wp-page\" data-elementor-id=\"104\" class=\"elementor elementor-104\" data-elementor-settings=\"{&quot;ha_cmc_init_switcher&quot;:&quot;no&quot;}\" data-elementor-post-type=\"page\">\n\t\t\t\t\t\t<section class=\"elementor-section elementor-top-section elementor-element elementor-element-fc3f5ee elementor-section-boxed elementor-section-height-default elementor-section-height-default\" data-id=\"fc3f5ee\" data-element_type=\"section\" data-e-type=\"section\" data-settings=\"{&quot;_ha_eqh_enable&quot;:false}\">\n\t\t\t\t\t\t<div class=\"elementor-container elementor-column-gap-default\">\n\t\t\t\t\t<div class=\"elementor-column elementor-col-100 elementor-top-column elementor-element elementor-element-7041e5d\" data-id=\"7041e5d\" data-element_type=\"column\" data-e-type=\"column\">\n\t\t\t<div class=\"elementor-widget-wrap elementor-element-populated\">\n\t\t\t\t\t\t<div class=\"elementor-element elementor-element-e4aef80 elementor-widget elementor-widget-text-editor\" data-id=\"e4aef80\" data-element_type=\"widget\" data-e-type=\"widget\" data-widget_type=\"text-editor.default\">\n\t\t\t\t<div class=\"elementor-widget-container\">\n\t\t\t\t\t\t\t\t\t<p>Planes de publicidad en RadioSensaci\u00f3n se\u00f1al abierta y web, en alianza con RadioWebLatina para darte un plan actualizado y con todos los servicios en un mismo lugar.\u00a0<\/p>\t\t\t\t\t\t\t\t<\/div>\n\t\t\t\t<\/div>\n\t\t\t\t<div class=\"elementor-element elementor-element-5e2e648 elementor-widget elementor-widget-text-editor\" data-id=\"5e2e648\" data-element_type=\"widget\" data-e-type=\"widget\" data-widget_type=\"text-editor.default\">\n\t\t\t\t<div class=\"elementor-widget-container\">\n\t\t\t\t\t\t\t\t\t<div class=\"elementor-element elementor-element-8e79c08 elementor-widget elementor-widget-text-editor\" data-id=\"8e79c08\" data-element_type=\"widget\" data-widget_type=\"text-editor.default\"><div class=\"elementor-widget-container\"><h4><span style=\"color: #000000;\"><strong>ESTE PAQUETE INCLUYE:<\/strong><\/span><\/h4><p><span style=\"color: #000000;\"><strong>Publicidad Radial:<\/strong> 10 cu\u00f1as diarias en nuestra se\u00f1al de radio AM y en la transmisi\u00f3n por web durante 3 meses.<\/span><\/p><p><span style=\"color: #000000;\"><strong>Dise\u00f1o de landing page:<\/strong>\u00a0sitio web para tu negocio con una sola pantalla que incluya toda la informaci\u00f3n de tu negocio, servicios o productos. Datos de contacto y links importantes. 100% personalizado. Incluye registro de dominio. (Plan anual)<\/span><\/p><p><span style=\"color: #000000;\"><strong>Publicidad en banners:<\/strong> banner en la rotativa publicados en <strong>RadioWebLatina.com<\/strong>, en <strong>RutaGourmet.com<\/strong> y en <strong>RadioSensacion.org<\/strong> (duraci\u00f3n de 1 a\u00f1o)<\/span><\/p><p><span style=\"color: #000000;\"><strong>Reel promocional en el canal de Youtube de RadioWebLatina:<\/strong>\u00a0video en formato reel con duraci\u00f3n m\u00e1xima de 1 minuto para promocionar tu empresa.<\/span><\/p><p><span style=\"color: #000000;\"><strong>Art\u00edculo period\u00edstico en RutaGourmet.com:<\/strong>\u00a0Art\u00edculo period\u00edstico con textos, fotos y todo el material que nos puedas proporcionar para ser publicado en la web de <strong>RutaGourmet.com<\/strong>\u00a0<\/span><\/p><h4><strong><span style=\"color: #000000;\">PARA COSTOS, POR FAVOR CONTACTARNOS AL <a href=\"https:\/\/api.whatsapp.com\/send?phone=+584242705491&amp;text=Hola,%20quiero%20anunciar%20en%20RadioSensaci%C3%B3n%20con%20el%20combo%20publicado\" target=\"_blank\" rel=\"noopener\">0424-2705491<\/a> (whatsapp)<\/span><\/strong><\/h4><\/div><\/div><div class=\"elementor-element elementor-element-6c91655 elementor-widget elementor-widget-text-editor\" data-id=\"6c91655\" data-element_type=\"widget\" data-widget_type=\"text-editor.default\"><div class=\"elementor-widget-container\"><p style=\"text-align: left;\"><strong><span style=\"color: #000000;\">VENTAJAS DE ANUNCIAR CON NOSOTROS:<\/span><\/strong><\/p><ul><li style=\"text-align: left;\"><span style=\"color: #000000;\">Tendr\u00e1s todos los servicios en un mismo lugar.<\/span><\/li><li style=\"text-align: left;\"><span style=\"color: #000000;\">M\u00e1s beneficios por un bajo costo.<\/span><\/li><li style=\"text-align: left;\"><span style=\"color: #000000;\">Campa\u00f1as geolocalizadas en redes sociales.<\/span><\/li><li style=\"text-align: left;\"><span style=\"color: #000000;\">Contenidos de calidad.<\/span><\/li><li style=\"text-align: left;\"><span style=\"color: #000000;\">Medios de comunicaci\u00f3n digital asociados con m\u00e1s de 10 a\u00f1os en el mercado.<\/span><\/li><li style=\"text-align: left;\"><span style=\"color: #000000;\">Alianza con agencia publicitaria con m\u00e1s de 20 a\u00f1os de trayectoria<\/span>.<\/li><\/ul><\/div><\/div>\t\t\t\t\t\t\t\t<\/div>\n\t\t\t\t<\/div>\n\t\t\t\t\t<\/div>\n\t\t<\/div>\n\t\t\t\t\t<\/div>\n\t\t<\/section>\n\t\t\t\t<section class=\"elementor-section elementor-top-section elementor-element elementor-element-6e247f6 elementor-section-boxed elementor-section-height-default elementor-section-height-default\" data-id=\"6e247f6\" data-element_type=\"section\" data-e-type=\"section\" data-settings=\"{&quot;_ha_eqh_enable&quot;:false}\">\n\t\t\t\t\t\t<div class=\"elementor-container elementor-column-gap-default\">\n\t\t\t\t\t<div class=\"elementor-column elementor-col-100 elementor-top-column elementor-element elementor-element-3e27ab8\" data-id=\"3e27ab8\" data-element_type=\"column\" data-e-type=\"column\">\n\t\t\t<div class=\"elementor-widget-wrap elementor-element-populated\">\n\t\t\t\t\t\t<div class=\"elementor-element elementor-element-35fd51b elementor-widget elementor-widget-heading\" data-id=\"35fd51b\" data-element_type=\"widget\" data-e-type=\"widget\" data-widget_type=\"heading.default\">\n\t\t\t\t<div class=\"elementor-widget-container\">\n\t\t\t\t\t<h4 class=\"elementor-heading-title elementor-size-default\">Nuestros Aliados<\/h4>\t\t\t\t<\/div>\n\t\t\t\t<\/div>\n\t\t\t\t\t<\/div>\n\t\t<\/div>\n\t\t\t\t\t<\/div>\n\t\t<\/section>\n\t\t\t\t<section class=\"elementor-section elementor-top-section elementor-element elementor-element-c77943e elementor-section-boxed elementor-section-height-default elementor-section-height-default\" data-id=\"c77943e\" data-element_type=\"section\" data-e-type=\"section\" data-settings=\"{&quot;_ha_eqh_enable&quot;:false}\">\n\t\t\t\t\t\t<div class=\"elementor-container elementor-column-gap-default\">\n\t\t\t\t\t<div class=\"elementor-column elementor-col-33 elementor-top-column elementor-element elementor-element-0422ede\" data-id=\"0422ede\" data-element_type=\"column\" data-e-type=\"column\">\n\t\t\t<div class=\"elementor-widget-wrap elementor-element-populated\">\n\t\t\t\t\t\t<div class=\"elementor-element elementor-element-7ddbdb4 elementor-widget elementor-widget-image\" data-id=\"7ddbdb4\" data-element_type=\"widget\" data-e-type=\"widget\" data-widget_type=\"image.default\">\n\t\t\t\t<div class=\"elementor-widget-container\">\n\t\t\t\t\t\t\t\t\t\t\t\t\t\t\t\t<a href=\"https:\/\/radioweblatina.com\/\" target=\"_blank\">\n\t\t\t\t\t\t\t<img fetchpriority=\"high\" decoding=\"async\" width=\"800\" height=\"800\" src=\"https:\/\/i0.wp.com\/radiosensacion.org\/radio\/wp-content\/uploads\/2024\/04\/bnn002-URL.jpg?fit=800%2C800&amp;ssl=1\" class=\"attachment-large size-large wp-image-122\" alt=\"\" srcset=\"https:\/\/i0.wp.com\/radiosensacion.org\/radio\/wp-content\/uploads\/2024\/04\/bnn002-URL.jpg?w=1000&amp;ssl=1 1000w, https:\/\/i0.wp.com\/radiosensacion.org\/radio\/wp-content\/uploads\/2024\/04\/bnn002-URL.jpg?resize=300%2C300&amp;ssl=1 300w, https:\/\/i0.wp.com\/radiosensacion.org\/radio\/wp-content\/uploads\/2024\/04\/bnn002-URL.jpg?resize=150%2C150&amp;ssl=1 150w, https:\/\/i0.wp.com\/radiosensacion.org\/radio\/wp-content\/uploads\/2024\/04\/bnn002-URL.jpg?resize=768%2C768&amp;ssl=1 768w\" sizes=\"(max-width: 800px) 100vw, 800px\" \/>\t\t\t\t\t\t\t\t<\/a>\n\t\t\t\t\t\t\t\t\t\t\t\t\t\t\t<\/div>\n\t\t\t\t<\/div>\n\t\t\t\t\t<\/div>\n\t\t<\/div>\n\t\t\t\t<div class=\"elementor-column elementor-col-33 elementor-top-column elementor-element elementor-element-0d6e385\" data-id=\"0d6e385\" data-element_type=\"column\" data-e-type=\"column\">\n\t\t\t<div class=\"elementor-widget-wrap elementor-element-populated\">\n\t\t\t\t\t\t<div class=\"elementor-element elementor-element-d05e944 elementor-widget elementor-widget-image\" data-id=\"d05e944\" data-element_type=\"widget\" data-e-type=\"widget\" data-widget_type=\"image.default\">\n\t\t\t\t<div class=\"elementor-widget-container\">\n\t\t\t\t\t\t\t\t\t\t\t\t\t\t\t\t<a href=\"https:\/\/revistarutagourmet.com\/\" target=\"_blank\">\n\t\t\t\t\t\t\t<img decoding=\"async\" width=\"800\" height=\"800\" src=\"https:\/\/i0.wp.com\/radiosensacion.org\/radio\/wp-content\/uploads\/2024\/04\/logo-box-copia.jpg?fit=800%2C800&amp;ssl=1\" class=\"attachment-large size-large wp-image-124\" alt=\"\" srcset=\"https:\/\/i0.wp.com\/radiosensacion.org\/radio\/wp-content\/uploads\/2024\/04\/logo-box-copia.jpg?w=1000&amp;ssl=1 1000w, https:\/\/i0.wp.com\/radiosensacion.org\/radio\/wp-content\/uploads\/2024\/04\/logo-box-copia.jpg?resize=300%2C300&amp;ssl=1 300w, https:\/\/i0.wp.com\/radiosensacion.org\/radio\/wp-content\/uploads\/2024\/04\/logo-box-copia.jpg?resize=150%2C150&amp;ssl=1 150w, https:\/\/i0.wp.com\/radiosensacion.org\/radio\/wp-content\/uploads\/2024\/04\/logo-box-copia.jpg?resize=768%2C768&amp;ssl=1 768w\" sizes=\"(max-width: 800px) 100vw, 800px\" \/>\t\t\t\t\t\t\t\t<\/a>\n\t\t\t\t\t\t\t\t\t\t\t\t\t\t\t<\/div>\n\t\t\t\t<\/div>\n\t\t\t\t\t<\/div>\n\t\t<\/div>\n\t\t\t\t<div class=\"elementor-column elementor-col-33 elementor-top-column elementor-element elementor-element-3331d85\" data-id=\"3331d85\" data-element_type=\"column\" data-e-type=\"column\">\n\t\t\t<div class=\"elementor-widget-wrap\">\n\t\t\t\t\t\t\t<\/div>\n\t\t<\/div>\n\t\t\t\t\t<\/div>\n\t\t<\/section>\n\t\t\t\t<\/div>\n\t\t","protected":false},"excerpt":{"rendered":"<p>Planes de publicidad en RadioSensaci\u00f3n se\u00f1al abierta y web, en alianza con RadioWebLatina para darte un plan actualizado y con todos los servicios en un mismo lugar.\u00a0 ESTE PAQUETE INCLUYE: Publicidad Radial: 10 cu\u00f1as diarias en nuestra se\u00f1al de radio AM y en la transmisi\u00f3n por web durante 3 meses. Dise\u00f1o de landing page:\u00a0sitio web [&hellip;]<\/p>\n","protected":false},"author":1,"featured_media":0,"parent":0,"menu_order":0,"comment_status":"closed","ping_status":"closed","template":"","meta":{"footnotes":""},"class_list":["post-104","page","type-page","status-publish","hentry"],"jetpack_sharing_enabled":true,"rttpg_featured_image_url":null,"rttpg_author":{"display_name":"admin","author_link":"https:\/\/radiosensacion.org\/radio\/author\/admin\/"},"rttpg_comment":0,"rttpg_category":null,"rttpg_excerpt":"Planes de publicidad en RadioSensaci\u00f3n se\u00f1al abierta y web, en alianza con RadioWebLatina para darte un plan actualizado y con todos los servicios en un mismo lugar.\u00a0 ESTE PAQUETE INCLUYE: Publicidad Radial: 10 cu\u00f1as diarias en nuestra se\u00f1al de radio AM y en la transmisi\u00f3n por web durante 3 meses. Dise\u00f1o de landing page:\u00a0sitio web&hellip;","_links":{"self":[{"href":"https:\/\/radiosensacion.org\/radio\/wp-json\/wp\/v2\/pages\/104","targetHints":{"allow":["GET"]}}],"collection":[{"href":"https:\/\/radiosensacion.org\/radio\/wp-json\/wp\/v2\/pages"}],"about":[{"href":"https:\/\/radiosensacion.org\/radio\/wp-json\/wp\/v2\/types\/page"}],"author":[{"embeddable":true,"href":"https:\/\/radiosensacion.org\/radio\/wp-json\/wp\/v2\/users\/1"}],"replies":[{"embeddable":true,"href":"https:\/\/radiosensacion.org\/radio\/wp-json\/wp\/v2\/comments?post=104"}],"version-history":[{"count":28,"href":"https:\/\/radiosensacion.org\/radio\/wp-json\/wp\/v2\/pages\/104\/revisions"}],"predecessor-version":[{"id":439,"href":"https:\/\/radiosensacion.org\/radio\/wp-json\/wp\/v2\/pages\/104\/revisions\/439"}],"wp:attachment":[{"href":"https:\/\/radiosensacion.org\/radio\/wp-json\/wp\/v2\/media?parent=104"}],"curies":[{"name":"wp","href":"https:\/\/api.w.org\/{rel}","templated":true}]}}